{"id":15009,"date":"2025-04-21T19:09:24","date_gmt":"2025-04-21T19:09:24","guid":{"rendered":"https:\/\/support.shopistanbul.online\/product\/elektrikli-titresim-masaj-tarak-kirmizi-isik-sac-folikulu-tarak-sac-derisi-yagi-sivi-aplikator-kafa-masaji-sac-buyume-anti-kaybi\/"},"modified":"2025-04-22T13:41:39","modified_gmt":"2025-04-22T13:41:39","slug":"elektrikli-titresim-masaj-tarak-kirmizi-isik-sac-folikulu-tarak-sac-derisi-yagi-sivi-aplikator-kafa-masaji-sac-buyume-anti-kaybi","status":"publish","type":"product","link":"https:\/\/support.shopistanbul.online\/tr\/product\/elektrikli-titresim-masaj-tarak-kirmizi-isik-sac-folikulu-tarak-sac-derisi-yagi-sivi-aplikator-kafa-masaji-sac-buyume-anti-kaybi\/","title":{"rendered":"Elektrikli Titre\u015fim Masaj Tarak K\u0131rm\u0131z\u0131 I\u015f\u0131k Sa\u00e7 Folik\u00fcl\u00fc Tarak Sa\u00e7 Derisi Ya\u011f\u0131 S\u0131v\u0131 Aplikat\u00f6r Kafa Masaj\u0131 Sa\u00e7 B\u00fcy\u00fcme Anti Kayb\u0131"},"content":{"rendered":"<h1>\u00d6ZELL\u0130KLER<\/h1>\n<p>&nbsp;<\/p>\n<p>Uygulama: <span style=\"color: #333;\">Kafa<\/span><\/p>\n<p>Marka ad\u0131: <span style=\"color: #333;\">QIUGUO<\/span><\/p>\n<p>Tehlikeli Kimyasal: <span style=\"color: #333;\">Yok<\/span><\/p>\n<p>\u00dcr\u00fcn Tipi: <span style=\"color: #333;\">Masaj &amp; Rahatlama<\/span><\/p>\n<p>Malzeme: <span style=\"color: #333;\">ABS+PC+Silikon<\/span><\/p>\n<p>Model Numaras\u0131: <span style=\"color: #333;\">EMS Elektrikli Masaj Tara\u011f\u0131<\/span><\/p>\n<p>Men\u015fei: <span style=\"color: #333;\">\u00c7in Anakaras\u0131<\/span><\/p>\n<p>&nbsp;<\/p>\n<p class=\"MsoNormal\"><strong><span style=\"font-size: 20px; font-family: \u5fae\u8f6f\u96c5\u9ed1;\">Sa\u00e7 Derisi Masaj Tara\u011f\u0131 K\u0131rm\u0131z\u0131 I\u015f\u0131k Sa\u00e7 Bak\u0131m Tara\u011f\u0131 Ba\u015f Aplikat\u00f6r\u00fc, Sa\u00e7 D\u00f6k\u00fclmesine Kar\u015f\u0131 Tip-C \u015earj<\/span><\/strong><\/p>\n<p>&nbsp;<\/p>\n<p class=\"MsoNormal\"><span style=\"font-size: 16px; font-family: \u5fae\u8f6f\u96c5\u9ed1;\"><strong>\u00d6zellikler:<\/strong><\/span><\/p>\n<p class=\"MsoNormal\"><span style=\"font-size: 10pt; font-family: \u5fae\u8f6f\u96c5\u9ed1;\">1. <\/span><span style=\"font-size: 10pt; font-family: \u5fae\u8f6f\u96c5\u9ed1;\">Bu sa\u00e7 masaj tara\u011f\u0131 kafa derisini etkili bir \u015fekilde s\u0131k\u0131la\u015ft\u0131r\u0131r, \u00e7e\u015fitli kafa derisi sorunlar\u0131 i\u00e7in derinlemesine bak\u0131m sa\u011flar ve kafa derisi sa\u011fl\u0131\u011f\u0131n\u0131 destekler.<\/span><\/p>\n<p class=\"MsoNormal\"><span style=\"font-size: 10pt; font-family: \u5fae\u8f6f\u96c5\u9ed1;\">2. <\/span><span style=\"font-size: 10pt; font-family: \u5fae\u8f6f\u96c5\u9ed1;\">72 yuvarlak di\u015f ve 630nm dalga boyunda k\u0131rm\u0131z\u0131 \u0131\u015f\u0131kla donat\u0131lm\u0131\u015f masaj tara\u011f\u0131m\u0131z, sa\u00e7 derisini etkili bir \u015fekilde yo\u011furup masaj yapabilir, sa\u00e7 k\u00f6klerini derinlemesine besleyebilir ve g\u00fcr ve bereketli sa\u00e7lar olu\u015fturman\u0131za yard\u0131mc\u0131 olabilir.<\/span><\/p>\n<p class=\"MsoNormal\"><span style=\"font-size: 10pt; font-family: \u5fae\u8f6f\u96c5\u9ed1;\">3. <\/span><span style=\"font-size: 10pt; font-family: \u5fae\u8f6f\u96c5\u9ed1;\">Kafa derisi mikro dola\u015f\u0131m\u0131n\u0131 te\u015fvik etmeye, sinirleri yat\u0131\u015ft\u0131rmaya, uykuya yard\u0131mc\u0131 olmaya ve daha rahat bir dinlenme deneyimi sunmaya yard\u0131mc\u0131 olabilecek \u00fc\u00e7 kafa derisi masaj modu mevcuttur.<\/span><\/p>\n<p class=\"MsoNormal\"><span style=\"font-size: 10pt; font-family: \u5fae\u8f6f\u96c5\u9ed1;\">4. <\/span><span style=\"font-size: 10pt; font-family: \u5fae\u8f6f\u96c5\u9ed1;\">6ML b\u00fcy\u00fck kapasiteli s\u0131v\u0131 k\u0131lavuz tank\u0131 ve 8 silindir top tasar\u0131m\u0131, sa\u00e7 bak\u0131m s\u0131v\u0131s\u0131n\u0131 e\u015fit \u015fekilde s\u0131kmaya yard\u0131mc\u0131 olur, b\u00f6ylece sa\u00e7 uzatma bak\u0131m s\u0131v\u0131s\u0131 kafa derisine masaj yaparken, kafa derisini ve sa\u00e7\u0131 her y\u00f6nden beslerken tan\u0131t\u0131labilir.<\/span><\/p>\n<p>&nbsp;<\/p>\n<p class=\"MsoNormal\"><span style=\"font-size: 16px; font-family: \u5fae\u8f6f\u96c5\u9ed1;\"><strong>\u00dcr\u00fcn Parametreleri:<\/strong><\/span><\/p>\n<p class=\"MsoNormal\"><span style=\"font-size: 10pt; font-family: \u5fae\u8f6f\u96c5\u9ed1;\">Malzeme: ABS+PC+Silikon<\/span><\/p>\n<p class=\"MsoNormal\"><span style=\"font-size: 10pt; font-family: \u5fae\u8f6f\u96c5\u9ed1;\">Renk (sprey boya): K\u0131rm\u0131z\u0131<\/span><\/p>\n<p class=\"MsoNormal\"><span style=\"font-size: 10pt; font-family: \u5fae\u8f6f\u96c5\u9ed1;\">Giri\u015f gerilimi: 5V 1A<\/span><\/p>\n<p class=\"MsoNormal\"><span style=\"font-size: 10pt; font-family: \u5fae\u8f6f\u96c5\u9ed1;\">\u00c7al\u0131\u015fma gerilimi: 3.7V 0.2A<\/span><\/p>\n<p class=\"MsoNormal\"><span style=\"font-size: 10pt; font-family: \u5fae\u8f6f\u96c5\u9ed1;\">G\u00fc\u00e7: 5W<\/span><\/p>\n<p class=\"MsoNormal\"><span style=\"font-size: 10pt; font-family: \u5fae\u8f6f\u96c5\u9ed1;\">Pil tipi: lityum pil<\/span><\/p>\n<p class=\"MsoNormal\"><span style=\"font-size: 10pt; font-family: \u5fae\u8f6f\u96c5\u9ed1;\">Pil modeli: 18500<\/span><\/p>\n<p class=\"MsoNormal\"><span style=\"font-size: 10pt; font-family: \u5fae\u8f6f\u96c5\u9ed1;\">Pil kapasitesi: 1400mAh<\/span><\/p>\n<p class=\"MsoNormal\"><span style=\"font-size: 10pt; font-family: \u5fae\u8f6f\u96c5\u9ed1;\">\u015earj s\u00fcresi: yakla\u015f\u0131k 3 saat<\/span><\/p>\n<p class=\"MsoNormal\"><span style=\"font-size: 10pt; font-family: \u5fae\u8f6f\u96c5\u9ed1;\">Kullan\u0131m s\u00fcresi: yakla\u015f\u0131k 2 saat 50 dakika<\/span><\/p>\n<p class=\"MsoNormal\"><span style=\"font-size: 10pt; font-family: \u5fae\u8f6f\u96c5\u9ed1;\">Makine boyutu: 21.2*8.5*5cm<\/span><\/p>\n<p class=\"MsoNormal\"><span style=\"font-size: 10pt; font-family: \u5fae\u8f6f\u96c5\u9ed1;\">A\u011f\u0131rl\u0131k: 233g<\/span><\/p>\n<p>&nbsp;<\/p>\n<p class=\"MsoNormal\"><span style=\"font-size: 16px; font-family: \u5fae\u8f6f\u96c5\u9ed1;\"><strong>Paket Listesi:<\/strong><\/span><\/p>\n<p class=\"MsoNormal\"><span style=\"font-size: 10pt; font-family: \u5fae\u8f6f\u96c5\u9ed1;\">1*K\u0131rm\u0131z\u0131 konak<\/span><\/p>\n<p class=\"MsoNormal\"><span style=\"font-size: 10pt; font-family: \u5fae\u8f6f\u96c5\u9ed1;\">1*Type-c \u015farj kablosu<\/span><\/p>\n<p class=\"MsoNormal\"><span style=\"font-size: 10pt; font-family: \u5fae\u8f6f\u96c5\u9ed1;\">1*\u0130ngilizce k\u0131lavuz<\/span><\/p>\n<p class=\"MsoNormal\"><span style=\"font-size: 10pt; font-family: \u5fae\u8f6f\u96c5\u9ed1;\">1*Saklama \u00e7antas\u0131<\/span><\/p>\n<p class=\"MsoNormal\"><span style=\"font-size: 10pt; font-family: \u5fae\u8f6f\u96c5\u9ed1;\">1* Ambalaj Kutusu  <\/span><\/p>\n<p class=\"MsoNormal\"><img decoding=\"async\" src=\"https:\/\/ae01.alicdn.com\/kf\/Sa6dd402df2e74d2e9995d77dccf1f35cO.jpg\"><img decoding=\"async\" src=\"https:\/\/ae01.alicdn.com\/kf\/Sfbd39e9a6eb0464d90797cce3f593470V.jpg\"><img decoding=\"async\" src=\"https:\/\/ae01.alicdn.com\/kf\/S589fa09ade654e319df4f1827d770f4bC.jpg\"><img decoding=\"async\" src=\"https:\/\/ae01.alicdn.com\/kf\/S6003ef9630bb4a6b8b81936a14a92c71C.jpg\"><img decoding=\"async\" src=\"https:\/\/ae01.alicdn.com\/kf\/S52076da9d76146279ce36a2ef9ade052W.jpg\"><img decoding=\"async\" src=\"https:\/\/ae01.alicdn.com\/kf\/Sfe915e8201244ab093c3014c1e361be9m.jpg\"><img decoding=\"async\" src=\"https:\/\/ae01.alicdn.com\/kf\/Sd908bf02dcd148a39e306720f9560667e.jpg\"><img decoding=\"async\" src=\"https:\/\/ae01.alicdn.com\/kf\/Sad1cffcc992c4f45bd246f9f0a4ecf5cE.jpg\"><img decoding=\"async\" src=\"https:\/\/ae01.alicdn.com\/kf\/Sf6f54283df914b639b6521d7bf884d6dR.jpg\"><img decoding=\"async\" src=\"https:\/\/ae01.alicdn.com\/kf\/S0b5c2032752746a8a081c8f8cae93983E.jpg\"><img decoding=\"async\" src=\"https:\/\/ae01.alicdn.com\/kf\/S1ef9ef92a3524d308bc6307de1b9f882A.jpg\"><img decoding=\"async\" src=\"https:\/\/ae01.alicdn.com\/kf\/S03c83530108f4e038fad0baa67dc3a03O.jpg\"><img decoding=\"async\" src=\"https:\/\/ae01.alicdn.com\/kf\/S7930b5a3a7054125969be773a38421980.jpg\"><img decoding=\"async\" src=\"https:\/\/ae01.alicdn.com\/kf\/Sf3700e89062c4b468d720a6a40e39381j.jpg\"><img decoding=\"async\" src=\"https:\/\/ae01.alicdn.com\/kf\/Se70f88763c164e178875fe71bf6675aaI.jpg\"><img decoding=\"async\" src=\"https:\/\/ae01.alicdn.com\/kf\/S67c7f19ff3be4753b918f69f6ac03ae7A.jpg\"><img decoding=\"async\" src=\"https:\/\/ae01.alicdn.com\/kf\/S36701c5a3c92447fa798825d2b9400cfF.jpg\"><img decoding=\"async\" src=\"https:\/\/ae01.alicdn.com\/kf\/Sa260a9eceaa2413ba32c60b26e344a41m.jpg\"><img decoding=\"async\" src=\"https:\/\/ae01.alicdn.com\/kf\/S65c4267fe466442abb96116fd7c17cb8K.jpg\"><img decoding=\"async\" src=\"https:\/\/ae01.alicdn.com\/kf\/S95d447ca95444309833c55f3f94a4023B.jpg\"><\/p>\n<p class=\"MsoNormal\">\n","protected":false},"excerpt":{"rendered":"<p>\u00d6ZELL\u0130KLER &nbsp; Uygulama: Kafa Marka ad\u0131: QIUGUO Tehlikeli Kimyasal: Yok \u00dcr\u00fcn Tipi: Masaj &amp; Rahatlama Malzeme: ABS+PC+Silikon Model Numaras\u0131: EMS<\/p>\n","protected":false},"featured_media":14915,"comment_status":"open","ping_status":"closed","template":"","meta":[],"product_brand":[],"product_cat":[260],"product_tag":[],"class_list":{"0":"post-15009","1":"product","2":"type-product","3":"status-publish","4":"has-post-thumbnail","6":"product_cat-guzellik-ve-bakim-tr","8":"first","9":"instock","10":"shipping-taxable","11":"purchasable","12":"product-type-variable"},"_links":{"self":[{"href":"https:\/\/support.shopistanbul.online\/tr\/wp-json\/wp\/v2\/product\/15009","targetHints":{"allow":["GET"]}}],"collection":[{"href":"https:\/\/support.shopistanbul.online\/tr\/wp-json\/wp\/v2\/product"}],"about":[{"href":"https:\/\/support.shopistanbul.online\/tr\/wp-json\/wp\/v2\/types\/product"}],"replies":[{"embeddable":true,"href":"https:\/\/support.shopistanbul.online\/tr\/wp-json\/wp\/v2\/comments?post=15009"}],"version-history":[{"count":1,"href":"https:\/\/support.shopistanbul.online\/tr\/wp-json\/wp\/v2\/product\/15009\/revisions"}],"predecessor-version":[{"id":15022,"href":"https:\/\/support.shopistanbul.online\/tr\/wp-json\/wp\/v2\/product\/15009\/revisions\/15022"}],"wp:featuredmedia":[{"embeddable":true,"href":"https:\/\/support.shopistanbul.online\/tr\/wp-json\/wp\/v2\/media\/14915"}],"wp:attachment":[{"href":"https:\/\/support.shopistanbul.online\/tr\/wp-json\/wp\/v2\/media?parent=15009"}],"wp:term":[{"taxonomy":"product_brand","embeddable":true,"href":"https:\/\/support.shopistanbul.online\/tr\/wp-json\/wp\/v2\/product_brand?post=15009"},{"taxonomy":"product_cat","embeddable":true,"href":"https:\/\/support.shopistanbul.online\/tr\/wp-json\/wp\/v2\/product_cat?post=15009"},{"taxonomy":"product_tag","embeddable":true,"href":"https:\/\/support.shopistanbul.online\/tr\/wp-json\/wp\/v2\/product_tag?post=15009"}],"curies":[{"name":"wp","href":"https:\/\/api.w.org\/{rel}","templated":true}]}}