{"id":14904,"date":"2025-04-21T08:56:45","date_gmt":"2025-04-21T08:56:45","guid":{"rendered":"https:\/\/support.shopistanbul.online\/?post_type=product&#038;p=14904"},"modified":"2025-04-22T17:40:32","modified_gmt":"2025-04-22T17:40:32","slug":"1-3pcs-sheep-toilet-roll-holder-funny-toilet-paper-holder-free-standing-bathroom-set-cute-black-sheep-roll-rack-bathroom-decor","status":"publish","type":"product","link":"https:\/\/support.shopistanbul.online\/tr\/product\/1-3pcs-sheep-toilet-roll-holder-funny-toilet-paper-holder-free-standing-bathroom-set-cute-black-sheep-roll-rack-bathroom-decor\/","title":{"rendered":"1\/3 adet Koyun Tuvalet Ka\u011f\u0131d\u0131 Tutucu Komik Tuvalet Ka\u011f\u0131d\u0131 Tutucu Serbest Daimi Banyo Seti Sevimli Siyah Koyun Rulo Raf Banyo Dekoru"},"content":{"rendered":"<h1>\u00d6ZELL\u0130KLER<\/h1>\n<p>&nbsp;<\/p>\n<p>Marka Ad\u0131: <span style=\"color: #333;\">NoEnName_Null<\/span><\/p>\n<p>Sertifika: <span style=\"color: #333;\">Yok<\/span><\/p>\n<p>Se\u00e7enek: <span style=\"color: #333;\">evet<\/span><\/p>\n<p>Tehlikeli Kimyasal: <span style=\"color: #333;\">Yok<\/span><\/p>\n<p>Malzeme <span style=\"color: #333;\">Plastik<\/span><\/p>\n<p>Men\u015fei: <span style=\"color: #333;\">\u00c7in Anakaras\u0131<\/span><\/p>\n<p>Tip <span style=\"color: #333;\">Ka\u011f\u0131t Tutucular<\/span><\/p>\n<p>semi_Choice: <span style=\"color: #333;\">evet<\/span><\/p>\n<p>&nbsp;<\/p>\n<div class=\"detailmodule_html\">\n<div class=\"detail-desc-decorate-richtext\">\n<div style=\"text-align: left; position: relative;\" align=\"left\">\n<p>\u00d6zellikler:<\/p>\n<\/div>\n<div style=\"text-align: left; position: relative;\" align=\"left\">1. Tuhaf Koyun Dekoru: Bu koyun tuvalet ka\u011f\u0131tl\u0131\u011f\u0131 sadece pratik bir \u00fcr\u00fcn de\u011fil, ayn\u0131 zamanda b\u00fcy\u00fcleyici bir dekoratif par\u00e7a olarak da hizmet vermektedir. Resimlerde g\u00f6sterildi\u011fi gibi renklendirilen bu \u00fcr\u00fcn, her banyoya, oturma odas\u0131na veya yemek alan\u0131na e\u011flenceli ve canl\u0131 bir dokunu\u015f katar. <\/div>\n<div style=\"text-align: left; position: relative;\" align=\"left\">2. Kompakt Boyutlar: Bu siyah koyun tuvalet ka\u011f\u0131tl\u0131\u011f\u0131, \u00e7ok fazla yer kaplamadan \u00e7e\u015fitli ortamlara rahat\u00e7a s\u0131\u011facak \u015fekilde tasarlanm\u0131\u015ft\u0131r. Minik yap\u0131s\u0131, evinize rahat bir eklenti olmas\u0131n\u0131 sa\u011flar, \u015firinli\u011fi ve kullan\u0131\u015fl\u0131l\u0131\u011f\u0131 ile ortam\u0131 g\u00fczelle\u015ftirir. <\/div>\n<div style=\"text-align: left; position: relative;\" align=\"left\">3. Dayan\u0131kl\u0131 Malzeme: Plastikten \u00fcretilen bu rulo ka\u011f\u0131t havluluk, dayan\u0131kl\u0131l\u0131k ve uzun \u00f6m\u00fcrl\u00fcl\u00fc\u011fe sahiptir. Esnek malzeme, estetik \u00e7ekicili\u011fini korurken g\u00fcnl\u00fck kullan\u0131ma dayanabilmesini sa\u011flar. <\/div>\n<div style=\"text-align: left; position: relative;\" align=\"left\">4. Kolay Montaj: Bu hayvan rulo ka\u011f\u0131t raf\u0131n\u0131n montaj\u0131 \u00e7ocuk oyunca\u011f\u0131d\u0131r; sadece kafay\u0131 g\u00f6vdeye ba\u011flay\u0131n ve karma\u015f\u0131k talimatlara gerek kalmadan dakikalar i\u00e7inde haz\u0131r olsun. Tasar\u0131m, kendi ba\u015f\u0131na dik durmas\u0131n\u0131 sa\u011flayarak size ek destek veya kurulum gerektirmeden banyonuzun herhangi bir b\u00f6l\u00fcm\u00fcne veya evinizin herhangi bir yerine yerle\u015ftirme \u00f6zg\u00fcrl\u00fc\u011f\u00fc verir. <\/div>\n<div style=\"text-align: left; position: relative;\" align=\"left\"><\/div>\n<div style=\"text-align: left; position: relative;\" align=\"left\"><\/div>\n<div style=\"text-align: left; position: relative;\" align=\"left\"><\/div>\n<div style=\"text-align: left; position: relative;\" align=\"left\">\u00d6zellikler:<\/div>\n<div style=\"text-align: left; position: relative;\" align=\"left\">Men\u015fei: \u00c7in Anakaras\u0131<\/div>\n<div style=\"text-align: left; position: relative;\" align=\"left\">Renk: siyah<\/div>\n<div style=\"text-align: left; position: relative;\" align=\"left\">Boyut:G\u00f6sterildi\u011fi gibi<\/div>\n<div style=\"text-align: left; position: relative;\" align=\"left\">\n<div>Malzeme: 3D<\/div>\n<p><img decoding=\"async\" src=\"https:\/\/ae01.alicdn.com\/kf\/S59080677c29446ceafa3a17355f4e5abB.jpg\"><\/p>\n<p><img decoding=\"async\" src=\"https:\/\/ae01.alicdn.com\/kf\/S13e2f584802d4947bce472bedb02b428X.jpg\"><\/p>\n<p><img decoding=\"async\" src=\"https:\/\/ae01.alicdn.com\/kf\/S66449461fd89489190263f0c8f4e094fS.jpg\"><\/p>\n<p><img decoding=\"async\" src=\"https:\/\/ae01.alicdn.com\/kf\/S4c7b7744f3e94a84a1bb9735511f2a5ap.jpg\"><\/p>\n<p><img decoding=\"async\" src=\"https:\/\/ae01.alicdn.com\/kf\/S81f4dcffd4fb492b910683c98c78073as.jpg\"><\/p>\n<p><img decoding=\"async\" src=\"https:\/\/ae01.alicdn.com\/kf\/S0f88b0b4e3e140f0b0add4c9dc060f74q.jpg\"><\/p>\n<\/div>\n<div style=\"text-align: left; position: relative;\" align=\"left\"><\/div>\n<div style=\"text-align: left; position: relative;\" align=\"left\">Not:<\/div>\n<div style=\"text-align: left; position: relative;\" align=\"left\">\u00dcr\u00fcne Sarma Ka\u011f\u0131d\u0131 Dahil De\u011fildir.<\/div>\n<div style=\"text-align: left; position: relative;\" align=\"left\"><\/div>\n<div style=\"text-align: left; position: relative;\" align=\"left\">Farkl\u0131 monit\u00f6r ve \u0131\u015f\u0131k efekti nedeniyle, \u00f6\u011fenin ger\u00e7ek rengi resimlerde g\u00f6sterilen renkten biraz farkl\u0131 olabilir. Te\u015fekk\u00fcr ederiz! <\/div>\n<div style=\"text-align: left; position: relative;\" align=\"left\">L\u00fctfen manuel \u00f6l\u00e7\u00fcm nedeniyle 1-2 cm \u00f6l\u00e7\u00fcm sapmas\u0131na izin verin.<\/div>\n<div style=\"position: relative;\">\n<p style=\"text-align: left;\" align=\"left\"><img decoding=\"async\" src=\"https:\/\/ae01.alicdn.com\/kf\/S91d6b1d1478d4fd3b8c865e60e286aa0v.jpg\"><\/p>\n<p>&nbsp;<\/p>\n<\/div>\n<\/div>\n<\/div>\n<p>&nbsp;<\/p>\n","protected":false},"excerpt":{"rendered":"<p>\u00d6ZELL\u0130KLER &nbsp; Marka Ad\u0131: NoEnName_Null Sertifika: Yok Se\u00e7enek: evet Tehlikeli Kimyasal: Yok Malzeme Plastik Men\u015fei: \u00c7in Anakaras\u0131 Tip Ka\u011f\u0131t Tutucular<\/p>\n","protected":false},"featured_media":14847,"comment_status":"open","ping_status":"closed","template":"","meta":[],"product_brand":[],"product_cat":[490],"product_tag":[],"class_list":{"0":"post-14904","1":"product","2":"type-product","3":"status-publish","4":"has-post-thumbnail","6":"product_cat-banyo-aletleri","8":"first","9":"instock","10":"shipping-taxable","11":"purchasable","12":"product-type-variable"},"_links":{"self":[{"href":"https:\/\/support.shopistanbul.online\/tr\/wp-json\/wp\/v2\/product\/14904","targetHints":{"allow":["GET"]}}],"collection":[{"href":"https:\/\/support.shopistanbul.online\/tr\/wp-json\/wp\/v2\/product"}],"about":[{"href":"https:\/\/support.shopistanbul.online\/tr\/wp-json\/wp\/v2\/types\/product"}],"replies":[{"embeddable":true,"href":"https:\/\/support.shopistanbul.online\/tr\/wp-json\/wp\/v2\/comments?post=14904"}],"version-history":[{"count":3,"href":"https:\/\/support.shopistanbul.online\/tr\/wp-json\/wp\/v2\/product\/14904\/revisions"}],"predecessor-version":[{"id":15020,"href":"https:\/\/support.shopistanbul.online\/tr\/wp-json\/wp\/v2\/product\/14904\/revisions\/15020"}],"wp:featuredmedia":[{"embeddable":true,"href":"https:\/\/support.shopistanbul.online\/tr\/wp-json\/wp\/v2\/media\/14847"}],"wp:attachment":[{"href":"https:\/\/support.shopistanbul.online\/tr\/wp-json\/wp\/v2\/media?parent=14904"}],"wp:term":[{"taxonomy":"product_brand","embeddable":true,"href":"https:\/\/support.shopistanbul.online\/tr\/wp-json\/wp\/v2\/product_brand?post=14904"},{"taxonomy":"product_cat","embeddable":true,"href":"https:\/\/support.shopistanbul.online\/tr\/wp-json\/wp\/v2\/product_cat?post=14904"},{"taxonomy":"product_tag","embeddable":true,"href":"https:\/\/support.shopistanbul.online\/tr\/wp-json\/wp\/v2\/product_tag?post=14904"}],"curies":[{"name":"wp","href":"https:\/\/api.w.org\/{rel}","templated":true}]}}