{"id":14835,"date":"2025-04-21T08:26:28","date_gmt":"2025-04-21T08:26:28","guid":{"rendered":"https:\/\/support.shopistanbul.online\/?post_type=product&#038;p=14835"},"modified":"2025-04-22T17:40:30","modified_gmt":"2025-04-22T17:40:30","slug":"new-bag-clips-wall-mounted-glove-clip-creative-hanging-hooks-home-utensils-storage-kitchen-accessories","status":"publish","type":"product","link":"https:\/\/support.shopistanbul.online\/tr\/product\/new-bag-clips-wall-mounted-glove-clip-creative-hanging-hooks-home-utensils-storage-kitchen-accessories\/","title":{"rendered":"Yeni \u00c7anta Klipsleri Duvara Monte Eldiven Klipsi Yarat\u0131c\u0131 Asma Kancalar Ev E\u015fyalar\u0131 Depolama Mutfak Aksesuarlar\u0131"},"content":{"rendered":"<h1>\u00d6ZELL\u0130KLER<\/h1>\n<p>&nbsp;<\/p>\n<p>Marka ad\u0131: <span style=\"color: #333;\">Untior<\/span><\/p>\n<p>Se\u00e7enek: <span style=\"color: #333;\">evet<\/span><\/p>\n<p>\u00d6zellik: <span style=\"color: #333;\">\u00c7evre Dostu, Stoklu<\/span><\/p>\n<p>Malzeme <span style=\"color: #333;\">Plastik<\/span><\/p>\n<p>Men\u015fei: <span style=\"color: #333;\">\u00c7in Anakaras\u0131<\/span><\/p>\n<p>Tip <span style=\"color: #333;\">\u00c7anta Klipsleri<\/span><\/p>\n<p>&nbsp;<\/p>\n<p>Al\u0131c\u0131lara not\uff1a<\/p>\n<p>Herhangi bir sorunuz varsa, l\u00fctfen bizimle ileti\u015fime ge\u00e7mekten \u00e7ekinmeyin, size 24 saat i\u00e7inde cevap verece\u011fiz.<\/p>\n<p>Mallar\u0131 ald\u0131\u011f\u0131n\u0131zda, \u00fcr\u00fcn hasar g\u00f6rm\u00fc\u015fse veya memnun kalmazsan\u0131z, l\u00fctfen bizimle ileti\u015fime ge\u00e7in, l\u00fctfen olumsuz geribildirim b\u0131rakmay\u0131n,<\/p>\n<p>Sizin i\u00e7in do\u011fru \u015fekilde \u00e7\u00f6zmek i\u00e7in elimizden gelenin en iyisini yapaca\u011f\u0131z, te\u015fekk\u00fcr ederim! \u00d6zellik: Kurulumu kolay, z\u0131mbas\u0131z, kaymaz ve d\u00fc\u015fmeye kar\u015f\u0131 dayan\u0131kl\u0131, s\u0131k\u0131ca yerinde tutmak i\u00e7in yap\u0131\u015fkan destekli duvara monte bir eldiven klipsidir.Bu eldiven klipsi, g\u00fc\u00e7l\u00fc s\u0131k\u0131\u015ft\u0131rma kuvveti, kolay saklama ve eldivenlere eri\u015fim ile takman\u0131z\u0131 kolayla\u015ft\u0131r\u0131r, kullan\u0131m\u0131 rahatt\u0131r Bu eldiven klipsi Plastik malzemeden yap\u0131lm\u0131\u015ft\u0131r Klips 16,5 cm uzunlu\u011funda, 2,5 cm geni\u015fli\u011finde ve eldiven 28,5 cm uzunlu\u011fundad\u0131r Bu eldiven klipsi ev, mutfak, restoran, bar, parti, kafe i\u00e7in uygundur.<\/p>\n<p>&nbsp;<\/p>\n<p>\u00d6zellikler:\u00dcr\u00fcn Ad\u0131: Eldiven KlipsiMalzeme: Plastik\u00d6zellikler: Z\u0131mbas\u0131z, Kolay Eri\u015fim, Kolayca K\u0131r\u0131lmazBoyut Detaylar\u0131:Eldiven Klipsi Boyutu: 16.5cm x 2.5cm\/6.49&#8243; x 0.98&#8243; (Yakla\u015f\u0131k.)Eldiven Uzunlu\u011fu: 28.5cm\/11.22&#8243; (Yakla\u015f\u0131k.)<\/p>\n<p>&nbsp;<\/p>\n<p>Notlar: I\u015f\u0131k ve ekran ayar\u0131 fark\u0131 nedeniyle, \u00f6\u011fenin rengi resimlerden biraz farkl\u0131 olabilir. L\u00fctfen farkl\u0131 manuel \u00f6l\u00e7\u00fcm nedeniyle hafif boyut fark\u0131na izin verin. <\/p>\n<p><img decoding=\"async\" src=\"https:\/\/ae01.alicdn.com\/kf\/Sec8ab2d9c5f84d76a5e1e55a7ba7c1ccI.jpeg\"><img decoding=\"async\" src=\"https:\/\/ae01.alicdn.com\/kf\/S8b78fde76ae94c6fbfc83d41d44543f3H.jpeg\"><img decoding=\"async\" src=\"https:\/\/ae01.alicdn.com\/kf\/S000e0d05a70947dc8f9fcd4a2d6173ff5.jpeg\"><img decoding=\"async\" src=\"https:\/\/ae01.alicdn.com\/kf\/Se8ff117d16b9481aaf59c280f641d333B.jpeg\"><img decoding=\"async\" src=\"https:\/\/ae01.alicdn.com\/kf\/S78ab1e7b88e240bc8d5b6ca5e2061161j.jpeg\"><img decoding=\"async\" src=\"https:\/\/ae01.alicdn.com\/kf\/S0768e55c597f4885944088b1c0d7789cF.jpeg\"><img decoding=\"async\" src=\"https:\/\/ae01.alicdn.com\/kf\/S8191981125fc4cf9b56867cb54c0da44S.jpeg\"><img decoding=\"async\" src=\"https:\/\/ae01.alicdn.com\/kf\/Sbf19ffe64e724d1d9a849ee411903777Q.jpeg\"><img decoding=\"async\" src=\"https:\/\/ae01.alicdn.com\/kf\/S9cb5632f98be464e92f75fc4e8a2c34ez.jpeg\"><img decoding=\"async\" src=\"https:\/\/ae01.alicdn.com\/kf\/Saafd54e90b324af9b879a3699aea29efP.jpeg\"><img decoding=\"async\" src=\"https:\/\/ae01.alicdn.com\/kf\/Sb7d67934d41948648563d1a2bcce4eb2t.jpeg\"><img decoding=\"async\" src=\"https:\/\/ae01.alicdn.com\/kf\/Sd8f48bba67874354a70e7b92b9382700H.jpeg\"><img decoding=\"async\" src=\"https:\/\/ae01.alicdn.com\/kf\/S8b86b26fa24c4772aeae796d89a054acJ.jpeg\"><img decoding=\"async\" src=\"https:\/\/ae01.alicdn.com\/kf\/S20ccc1727d6545f3be9b72dd5f223527n.jpeg\"><img decoding=\"async\" src=\"https:\/\/ae01.alicdn.com\/kf\/S6413a3c6c404466887e8a7cbc8e652d6U.jpeg\"><img decoding=\"async\" src=\"https:\/\/ae01.alicdn.com\/kf\/S243bdff5c89443ff9c6a1c657f559dd3z.jpeg\"><img decoding=\"async\" src=\"https:\/\/ae01.alicdn.com\/kf\/S4c10f05de97c48459e5e31f256884ef7h.jpeg\"><img decoding=\"async\" src=\"https:\/\/ae01.alicdn.com\/kf\/Sd763a3350f1c4d8a8019aa707f2b25cbG.jpeg\"><img decoding=\"async\" src=\"https:\/\/ae01.alicdn.com\/kf\/S7eaecfc4346e49bfb3dfa5fc9b5789570.jpeg\"><img decoding=\"async\" src=\"https:\/\/ae01.alicdn.com\/kf\/S353646ba5c3d41d79f2aa5180a3d4160m.jpeg\"><img decoding=\"async\" src=\"https:\/\/ae01.alicdn.com\/kf\/Se24bfc26f67f4e288a5a590f0e88b9d09.jpg\"><img decoding=\"async\" src=\"https:\/\/ae01.alicdn.com\/kf\/S36aa8d2acdd4458e952f32e98fa259f5a.jpeg\"><img decoding=\"async\" src=\"https:\/\/ae01.alicdn.com\/kf\/Sdd47d88ee1b54f66bce72c589a9b9672q.jpeg\"><img decoding=\"async\" src=\"https:\/\/ae01.alicdn.com\/kf\/S90818419d6fe44bba37947618c7770c3o.jpeg\"><img decoding=\"async\" src=\"https:\/\/ae01.alicdn.com\/kf\/Sdf2fc56d991f44feb01e27845e729072Z.jpeg\"><img decoding=\"async\" src=\"https:\/\/ae01.alicdn.com\/kf\/S99f6a2836fb946b89f1d36734a121d5fe.jpeg\"><img decoding=\"async\" src=\"https:\/\/ae01.alicdn.com\/kf\/Sc86e30d7b3c2488c93fa6e11e2a30162w.jpeg\"><img decoding=\"async\" src=\"https:\/\/ae01.alicdn.com\/kf\/S91c9275213e141aa97e99437a004a7dd3.jpeg\"><img decoding=\"async\" src=\"https:\/\/ae01.alicdn.com\/kf\/Sd737a8fa17cd42389574ef8c60acbd79v.jpeg\"><img decoding=\"async\" src=\"https:\/\/ae01.alicdn.com\/kf\/S0a59e2b740ae4e018b9a91ab681e8ecfZ.jpeg\"><\/p>\n","protected":false},"excerpt":{"rendered":"<p>\u00d6ZELL\u0130KLER &nbsp; Marka ad\u0131: Untior Se\u00e7enek: evet \u00d6zellik: \u00c7evre Dostu, Stoklu Malzeme Plastik Men\u015fei: \u00c7in Anakaras\u0131 Tip \u00c7anta Klipsleri &nbsp;<\/p>\n","protected":false},"featured_media":14710,"comment_status":"open","ping_status":"closed","template":"","meta":[],"product_brand":[],"product_cat":[477],"product_tag":[],"class_list":{"0":"post-14835","1":"product","2":"type-product","3":"status-publish","4":"has-post-thumbnail","6":"product_cat-mutfak-aletleri","8":"first","9":"instock","10":"shipping-taxable","11":"purchasable","12":"product-type-variable"},"_links":{"self":[{"href":"https:\/\/support.shopistanbul.online\/tr\/wp-json\/wp\/v2\/product\/14835","targetHints":{"allow":["GET"]}}],"collection":[{"href":"https:\/\/support.shopistanbul.online\/tr\/wp-json\/wp\/v2\/product"}],"about":[{"href":"https:\/\/support.shopistanbul.online\/tr\/wp-json\/wp\/v2\/types\/product"}],"replies":[{"embeddable":true,"href":"https:\/\/support.shopistanbul.online\/tr\/wp-json\/wp\/v2\/comments?post=14835"}],"version-history":[{"count":3,"href":"https:\/\/support.shopistanbul.online\/tr\/wp-json\/wp\/v2\/product\/14835\/revisions"}],"predecessor-version":[{"id":15006,"href":"https:\/\/support.shopistanbul.online\/tr\/wp-json\/wp\/v2\/product\/14835\/revisions\/15006"}],"wp:featuredmedia":[{"embeddable":true,"href":"https:\/\/support.shopistanbul.online\/tr\/wp-json\/wp\/v2\/media\/14710"}],"wp:attachment":[{"href":"https:\/\/support.shopistanbul.online\/tr\/wp-json\/wp\/v2\/media?parent=14835"}],"wp:term":[{"taxonomy":"product_brand","embeddable":true,"href":"https:\/\/support.shopistanbul.online\/tr\/wp-json\/wp\/v2\/product_brand?post=14835"},{"taxonomy":"product_cat","embeddable":true,"href":"https:\/\/support.shopistanbul.online\/tr\/wp-json\/wp\/v2\/product_cat?post=14835"},{"taxonomy":"product_tag","embeddable":true,"href":"https:\/\/support.shopistanbul.online\/tr\/wp-json\/wp\/v2\/product_tag?post=14835"}],"curies":[{"name":"wp","href":"https:\/\/api.w.org\/{rel}","templated":true}]}}