{"id":14698,"date":"2025-04-21T08:04:57","date_gmt":"2025-04-21T08:04:57","guid":{"rendered":"https:\/\/support.shopistanbul.online\/?post_type=product&#038;p=14698"},"modified":"2025-04-22T17:40:29","modified_gmt":"2025-04-22T17:40:29","slug":"sunflower-seed-peeler-automatic-melon-seed-sheller-cute-pig-electric-peeler-for-sunflower-seed-smart-melon-seed-opening-machine","status":"publish","type":"product","link":"https:\/\/support.shopistanbul.online\/tr\/product\/sunflower-seed-peeler-automatic-melon-seed-sheller-cute-pig-electric-peeler-for-sunflower-seed-smart-melon-seed-opening-machine\/","title":{"rendered":"Ay\u00e7i\u00e7e\u011fi Tohumu Soyucu Otomatik Kavun Tohumu Sheller Sevimli Domuz Ay\u00e7i\u00e7e\u011fi Tohumu \u0130\u00e7in Elektrikli Soyucu Ak\u0131ll\u0131 Kavun Tohumu A\u00e7ma Makinesi"},"content":{"rendered":"<h1>\u00d6ZELL\u0130KLER<\/h1>\n<p>&nbsp;<\/p>\n<p>B\u0131\u00e7ak Malzemesi: <span style=\"color: #333;\">ABS<\/span><\/p>\n<p>Marka ad\u0131: <span style=\"color: #333;\">isfriday<\/span><\/p>\n<p>\u00d6zellik: <span style=\"color: #333;\">\u00c7evre Dostu<\/span><\/p>\n<p>Meyve &amp; Sebze Aletleri T\u00fcr\u00fc: <span style=\"color: #333;\">Par\u00e7alay\u0131c\u0131lar &amp; Dilimleyiciler<\/span><\/p>\n<p>Tehlikeli Kimyasal: <span style=\"color: #333;\">Yok<\/span><\/p>\n<p>Men\u015fei: <span style=\"color: #333;\">\u00c7in Anakaras\u0131<\/span><\/p>\n<p>Tip <span style=\"color: #333;\">Meyve &amp; Sebze Aletleri<\/span><\/p>\n<p>&nbsp;<\/p>\n<h1>\u00d6zellikler:<\/h1>\n<h2>[Kavun \u00c7ekirde\u011fi A\u00e7aca\u011f\u0131]: Ak\u0131ll\u0131 s\u0131k\u0131\u015fma \u00f6nleyici tasar\u0131m, hassas anahtar, y\u00fcksek torklu motor, uzun pil \u00f6mr\u00fc, k\u00fc\u00e7\u00fck ve ta\u015f\u0131nabilir, kabu\u011fun h\u0131zl\u0131 a\u00e7\u0131lmas\u0131, Android veri kablosu \u015farj\u0131, kontrol \u00e7ipi.<\/h2>\n<h2>[Hassas Anahtar, A\u00e7\u0131k]: Kullan\u0131c\u0131lar\u0131n kullan\u0131m\u0131 i\u00e7in uygun, kullan\u0131c\u0131 dostu, optik geri bildirim, sorunsuz kullan\u0131m. Kavun tohumlar\u0131n\u0131n geleneksel manuel soyulmas\u0131yla kar\u015f\u0131la\u015ft\u0131r\u0131ld\u0131\u011f\u0131nda, ay\u00e7i\u00e7e\u011fi \u00e7ekirde\u011fi k\u0131rma makinesinin h\u0131z a\u00e7\u0131s\u0131ndan bariz avantajlar\u0131 vard\u0131r. Kavun \u00e7ekirde\u011fi ile uzun s\u00fcreli temas nedeniyle parmak derisinde hasara neden olmaz.  <\/h2>\n<h2>[Y\u00fcksek torklu Motor]: Kabu\u011fun y\u00fcksek verimli a\u00e7\u0131lmas\u0131, b\u00fcy\u00fck torklu red\u00fcksiyon motoru, kabu\u011fun a\u00e7\u0131lma hasar\u0131n\u0131 azaltmak ve kabu\u011fun verimli bir \u015fekilde a\u00e7\u0131lmas\u0131n\u0131 sa\u011flamak i\u00e7in optik alg\u0131lama ile i\u015fbirli\u011fi yapar.<\/h2>\n<h2>[Di\u015fleri Korur ve Hasar\u0131 \u00d6nler]: Genellikle kavun \u00e7ekirde\u011fi yiyerek di\u015f hasar\u0131na neden olur, \u00fcr\u00fcn hasar\u0131 etkili bir \u015fekilde \u00f6nleyecek ve di\u015fleri koruyacakt\u0131r.<\/h2>\n<h2>[G\u00fc\u00e7l\u00fc pratiklik]: Elektrikli kavun tohumu makinesi evde, ofiste, yatakhanede vb. yerlerde kullan\u0131lmaya uygundur. Mini ve sevimli bir g\u00f6r\u00fcn\u00fcme sahiptir, bu da \u00e7ocuklar\u0131n\u0131za veya k\u0131z arkada\u015f\u0131n\u0131za hediye olarak sunulmak i\u00e7in iyi bir se\u00e7imdir. <\/h2>\n<h2><\/h2>\n<h1>\u00d6zellikler:<\/h1>\n<h2>Malzeme: y\u00fcksek kaliteli PP + elektronik bile\u015fenler<\/h2>\n<h2>Renk: Pembe<\/h2>\n<h2>Size: 9x10x12cm\/3.54&#215;3.94&#215;4.72inch<\/h2>\n<h2>Pil: 600mAh<\/h2>\n<h2><\/h2>\n<h1>Paket \u0130\u00e7eri\u011fi:<\/h1>\n<h2>1 * Kavun \u00c7ekirde\u011fi A\u00e7aca\u011f\u0131<\/h2>\n<h2>1 * USB kablosu<\/h2>\n<h2><\/h2>\n<h1>Not:<\/h1>\n<h2>1. Sadece yukar\u0131daki paket i\u00e7eri\u011fi, di\u011fer \u00fcr\u00fcnler dahil de\u011fildir.<\/h2>\n<h2>2.I\u015f\u0131k \u00e7ekimi ve farkl\u0131 ekranlar, resimdeki \u00f6\u011fenin renginin ger\u00e7ek olandan biraz farkl\u0131 olmas\u0131na neden olabilir. \u0130zin verilen \u00f6l\u00e7\u00fcm hatas\u0131 +\/- 1-3 cm&#8217;dir. <\/h2>\n<p><img decoding=\"async\" src=\"https:\/\/ae01.alicdn.com\/kf\/Sca975a7c531c4220b43f3c970a888697i.jpg\"><\/p>\n<p><img decoding=\"async\" src=\"https:\/\/ae01.alicdn.com\/kf\/Se8b58e9de1864d788b132f959c158917B.jpg\"><\/p>\n<p><img decoding=\"async\" src=\"https:\/\/ae01.alicdn.com\/kf\/S2e283a820ff84d8f8caf511b2927c381C.jpg\"><\/p>\n<p><img decoding=\"async\" src=\"https:\/\/ae01.alicdn.com\/kf\/Sfe16360bf61e4187b4b4a1491b4d4e7fc.jpg\"><\/p>\n<p><img decoding=\"async\" src=\"https:\/\/ae01.alicdn.com\/kf\/Se0e682d56abb4e90a4a2efd8cd902b30z.jpg\"><\/p>\n<p><img decoding=\"async\" src=\"https:\/\/ae01.alicdn.com\/kf\/S52dfe65555814bbd855b20cc9e9aa175w.jpg\"><\/p>\n<p><img decoding=\"async\" src=\"https:\/\/ae01.alicdn.com\/kf\/S1d27b6c3ebaa40ad80448df289ada11ad.jpg\"><\/p>\n<p><img decoding=\"async\" src=\"https:\/\/ae01.alicdn.com\/kf\/S82f9a922102c4872ac1d252b2b2962b57.jpg\"><\/p>\n<p><img decoding=\"async\" src=\"https:\/\/ae01.alicdn.com\/kf\/S7dd9c916321d4523a34302af18691abeB.jpg\"><\/p>\n<p><img decoding=\"async\" src=\"https:\/\/ae01.alicdn.com\/kf\/Sf39f7a2f8a46463ab8c44bc7fba8041fS.jpg\"><\/p>\n<p><img decoding=\"async\" src=\"https:\/\/ae01.alicdn.com\/kf\/S46307c73f19d4e999552375b5ac3fd03H.jpg\"><\/p>\n<p><img decoding=\"async\" src=\"https:\/\/ae01.alicdn.com\/kf\/S9c506d4dcf934aa5b7ebd5261fe4c318P.jpg\"><\/p>\n<p><img decoding=\"async\" src=\"https:\/\/ae01.alicdn.com\/kf\/S81f25977a94b461ba74efb27f2cc39dbb.jpg\"><\/p>\n<p><img decoding=\"async\" src=\"https:\/\/ae01.alicdn.com\/kf\/Sd3a959311ce94d169be73010aa8182007.jpg\"><\/p>\n<p><img decoding=\"async\" src=\"https:\/\/ae01.alicdn.com\/kf\/S5e913cad021b468c913417f92c07801c2.jpg\"><\/p>\n<p><img decoding=\"async\" src=\"https:\/\/ae01.alicdn.com\/kf\/Sb11899deb2b4433c95c50de340bdf7c35.jpg\"><\/p>\n","protected":false},"excerpt":{"rendered":"<p>\u00d6ZELL\u0130KLER &nbsp; B\u0131\u00e7ak Malzemesi: ABS Marka ad\u0131: isfriday \u00d6zellik: \u00c7evre Dostu Meyve &amp; Sebze Aletleri T\u00fcr\u00fc: Par\u00e7alay\u0131c\u0131lar &amp; Dilimleyiciler Tehlikeli<\/p>\n","protected":false},"featured_media":14618,"comment_status":"open","ping_status":"closed","template":"","meta":[],"product_brand":[],"product_cat":[477],"product_tag":[],"class_list":{"0":"post-14698","1":"product","2":"type-product","3":"status-publish","4":"has-post-thumbnail","6":"product_cat-mutfak-aletleri","8":"first","9":"instock","10":"shipping-taxable","11":"purchasable","12":"product-type-variable"},"_links":{"self":[{"href":"https:\/\/support.shopistanbul.online\/tr\/wp-json\/wp\/v2\/product\/14698","targetHints":{"allow":["GET"]}}],"collection":[{"href":"https:\/\/support.shopistanbul.online\/tr\/wp-json\/wp\/v2\/product"}],"about":[{"href":"https:\/\/support.shopistanbul.online\/tr\/wp-json\/wp\/v2\/types\/product"}],"replies":[{"embeddable":true,"href":"https:\/\/support.shopistanbul.online\/tr\/wp-json\/wp\/v2\/comments?post=14698"}],"version-history":[{"count":3,"href":"https:\/\/support.shopistanbul.online\/tr\/wp-json\/wp\/v2\/product\/14698\/revisions"}],"predecessor-version":[{"id":15005,"href":"https:\/\/support.shopistanbul.online\/tr\/wp-json\/wp\/v2\/product\/14698\/revisions\/15005"}],"wp:featuredmedia":[{"embeddable":true,"href":"https:\/\/support.shopistanbul.online\/tr\/wp-json\/wp\/v2\/media\/14618"}],"wp:attachment":[{"href":"https:\/\/support.shopistanbul.online\/tr\/wp-json\/wp\/v2\/media?parent=14698"}],"wp:term":[{"taxonomy":"product_brand","embeddable":true,"href":"https:\/\/support.shopistanbul.online\/tr\/wp-json\/wp\/v2\/product_brand?post=14698"},{"taxonomy":"product_cat","embeddable":true,"href":"https:\/\/support.shopistanbul.online\/tr\/wp-json\/wp\/v2\/product_cat?post=14698"},{"taxonomy":"product_tag","embeddable":true,"href":"https:\/\/support.shopistanbul.online\/tr\/wp-json\/wp\/v2\/product_tag?post=14698"}],"curies":[{"name":"wp","href":"https:\/\/api.w.org\/{rel}","templated":true}]}}