{"id":14608,"date":"2025-04-21T07:55:34","date_gmt":"2025-04-21T07:55:34","guid":{"rendered":"https:\/\/support.shopistanbul.online\/?post_type=product&#038;p=14608"},"modified":"2025-04-22T17:40:31","modified_gmt":"2025-04-22T17:40:31","slug":"vegetable-washing-basin-draining-basket-multi-function-washing-fruit-filter-drain-basin-blanching-and-washing-rice","status":"publish","type":"product","link":"https:\/\/support.shopistanbul.online\/tr\/product\/vegetable-washing-basin-draining-basket-multi-function-washing-fruit-filter-drain-basin-blanching-and-washing-rice\/","title":{"rendered":"Sebze y\u0131kama havzas\u0131 bo\u015faltma sepeti \u00e7ok fonksiyonlu y\u0131kama meyve filtresi bo\u015faltma havzas\u0131 ha\u015flama ve pirin\u00e7 y\u0131kama"},"content":{"rendered":"<h1>\u00d6ZELL\u0130KLER<\/h1>\n<p>&nbsp;<\/p>\n<p>Marka Ad\u0131: <span style=\"color: #333;\">NoEnName_Null<\/span><\/p>\n<p>Se\u00e7enek: <span style=\"color: #333;\">evet<\/span><\/p>\n<p>Men\u015fei: <span style=\"color: #333;\">\u00c7in Anakaras\u0131<\/span><\/p>\n<p>&nbsp;<\/p>\n<p><img decoding=\"async\" src=\"https:\/\/ae01.alicdn.com\/kf\/S5cbbff4c0902474bb2de3c1402a18076U.jpg\"><img decoding=\"async\" src=\"https:\/\/ae01.alicdn.com\/kf\/S7976dbfa74f74787ad56b15b9d360d3cV.jpg\"><img decoding=\"async\" src=\"https:\/\/ae01.alicdn.com\/kf\/Sbd0c787a4fd64ff495d7a987140accb5E.jpg\"><img decoding=\"async\" src=\"https:\/\/ae01.alicdn.com\/kf\/S1671714d42bf42d8b83725f93454d12ec.jpg\"><img decoding=\"async\" src=\"https:\/\/ae01.alicdn.com\/kf\/S9a4883e1a31f446eaa7573e5a236a6dbd.jpg\"><img decoding=\"async\" src=\"https:\/\/ae01.alicdn.com\/kf\/S7251948c043c4ea19e8e26c3c66c7242F.jpg\"><img decoding=\"async\" src=\"https:\/\/ae01.alicdn.com\/kf\/S6c69696d5b7649b8a4348e7657b5bbebD.jpg\"><img decoding=\"async\" src=\"https:\/\/ae01.alicdn.com\/kf\/Sfd1264a23053476a8b207a0c71655b53S.jpg\"><img decoding=\"async\" src=\"https:\/\/ae01.alicdn.com\/kf\/Sb22e6a36188c4d12ac5b60c35395752fW.jpg\"><img decoding=\"async\" src=\"https:\/\/ae01.alicdn.com\/kf\/S86bfc4b6ea1a477e9d989a4f1c342a3b3.jpg\"><img decoding=\"async\" src=\"https:\/\/ae01.alicdn.com\/kf\/S6dd91c469ad949558e812b57c20d50799.jpg\"><img decoding=\"async\" src=\"https:\/\/ae01.alicdn.com\/kf\/S21375be5f10b447b949772c56f567c7cJ.jpg\"><img decoding=\"async\" src=\"https:\/\/ae01.alicdn.com\/kf\/Sde09c4f4ccb648d692c1d3b11ab84a32t.jpg\"><img decoding=\"async\" src=\"https:\/\/ae01.alicdn.com\/kf\/S96e921558cbd47a9b9ec3367e53c559d3.jpg\"><img decoding=\"async\" src=\"https:\/\/ae01.alicdn.com\/kf\/Se1a3b2cea7834e1bb356819d5327d2eaS.jpg\"><img decoding=\"async\" src=\"https:\/\/ae01.alicdn.com\/kf\/Sc080d61b568c416b852ead706a0fc2d5g.jpg\"><img decoding=\"async\" src=\"https:\/\/ae01.alicdn.com\/kf\/Sdefebc1c12094505ac3c777808bc80979.jpg\"><img decoding=\"async\" src=\"https:\/\/ae01.alicdn.com\/kf\/Sc50bd9dc1f5447e7a320b4936e97ae70u.jpg\"><img decoding=\"async\" src=\"https:\/\/ae01.alicdn.com\/kf\/S66cf533cc2d64d8f966850f6866f3f68u.jpg\"><img decoding=\"async\" src=\"https:\/\/ae01.alicdn.com\/kf\/S0daff178d1c44050ae75852d32d58075K.jpg\"><img decoding=\"async\" src=\"https:\/\/ae01.alicdn.com\/kf\/S8e97156cea2e4361aca2c8248c39c70al.jpg\"><\/p>\n","protected":false},"excerpt":{"rendered":"<p>\u00d6ZELL\u0130KLER &nbsp; Marka Ad\u0131: NoEnName_Null Se\u00e7enek: evet Men\u015fei: \u00c7in Anakaras\u0131 &nbsp;<\/p>\n","protected":false},"featured_media":14506,"comment_status":"open","ping_status":"closed","template":"","meta":[],"product_brand":[],"product_cat":[477],"product_tag":[],"class_list":{"0":"post-14608","1":"product","2":"type-product","3":"status-publish","4":"has-post-thumbnail","6":"product_cat-mutfak-aletleri","8":"first","9":"instock","10":"shipping-taxable","11":"purchasable","12":"product-type-variable"},"_links":{"self":[{"href":"https:\/\/support.shopistanbul.online\/tr\/wp-json\/wp\/v2\/product\/14608","targetHints":{"allow":["GET"]}}],"collection":[{"href":"https:\/\/support.shopistanbul.online\/tr\/wp-json\/wp\/v2\/product"}],"about":[{"href":"https:\/\/support.shopistanbul.online\/tr\/wp-json\/wp\/v2\/types\/product"}],"replies":[{"embeddable":true,"href":"https:\/\/support.shopistanbul.online\/tr\/wp-json\/wp\/v2\/comments?post=14608"}],"version-history":[{"count":3,"href":"https:\/\/support.shopistanbul.online\/tr\/wp-json\/wp\/v2\/product\/14608\/revisions"}],"predecessor-version":[{"id":15018,"href":"https:\/\/support.shopistanbul.online\/tr\/wp-json\/wp\/v2\/product\/14608\/revisions\/15018"}],"wp:featuredmedia":[{"embeddable":true,"href":"https:\/\/support.shopistanbul.online\/tr\/wp-json\/wp\/v2\/media\/14506"}],"wp:attachment":[{"href":"https:\/\/support.shopistanbul.online\/tr\/wp-json\/wp\/v2\/media?parent=14608"}],"wp:term":[{"taxonomy":"product_brand","embeddable":true,"href":"https:\/\/support.shopistanbul.online\/tr\/wp-json\/wp\/v2\/product_brand?post=14608"},{"taxonomy":"product_cat","embeddable":true,"href":"https:\/\/support.shopistanbul.online\/tr\/wp-json\/wp\/v2\/product_cat?post=14608"},{"taxonomy":"product_tag","embeddable":true,"href":"https:\/\/support.shopistanbul.online\/tr\/wp-json\/wp\/v2\/product_tag?post=14608"}],"curies":[{"name":"wp","href":"https:\/\/api.w.org\/{rel}","templated":true}]}}