{"id":14501,"date":"2025-04-21T07:47:01","date_gmt":"2025-04-21T07:47:01","guid":{"rendered":"https:\/\/support.shopistanbul.online\/?post_type=product&#038;p=14501"},"modified":"2025-04-22T17:40:30","modified_gmt":"2025-04-22T17:40:30","slug":"spa-non-slip-bath-mat-home-surfing-massage-bath-mat-full-body-massage-bathtub-bubble-machine","status":"publish","type":"product","link":"https:\/\/support.shopistanbul.online\/tr\/product\/spa-non-slip-bath-mat-home-surfing-massage-bath-mat-full-body-massage-bathtub-bubble-machine\/","title":{"rendered":"SPA Kaymaz Banyo Paspas\u0131 Evde S\u00f6rf Masaj\u0131 Banyo Paspas\u0131 T\u00fcm V\u00fccut Masaj\u0131 K\u00fcvet Kabarc\u0131k Makinesi"},"content":{"rendered":"<h1>\u00d6ZELL\u0130KLER<\/h1>\n<p>&nbsp;<\/p>\n<p>Marka Ad\u0131: <span style=\"color: #333;\">NoEnName_Null<\/span><\/p>\n<p>Sertifikasyon: <span style=\"color: #333;\">CE<\/span><\/p>\n<p>Musluk: <span style=\"color: #333;\">Dahil De\u011fildir<\/span><\/p>\n<p>Tehlikeli Kimyasal: <span style=\"color: #333;\">Yok<\/span><\/p>\n<p>Malzeme <span style=\"color: #333;\">ABS<\/span><\/p>\n<p>Men\u015fei: <span style=\"color: #333;\">\u00c7in Anakaras\u0131<\/span><\/p>\n<p>Uygulama kapsam\u0131: <span style=\"color: #333;\">banyo<\/span><\/p>\n<p>Stil <span style=\"color: #333;\">Ba\u011f\u0131ms\u0131z<\/span><\/p>\n<p>uygulanabi\u0307li\u0307r n\u00fcfus: <span style=\"color: #333;\">yeti\u0307\u015fki\u0307n<\/span><\/p>\n<p>renk: <span style=\"color: #333;\">Banyo paspas\u0131 art\u0131 makine<\/span><\/p>\n<p>malzeme: <span style=\"color: #333;\">PVC<\/span><\/p>\n<p>stil: <span style=\"color: #333;\">Termostat, masaj fonksiyonu<\/span><\/p>\n<p>&nbsp;<\/p>\n<div class=\"detailmodule_html\">\n<div class=\"detail-desc-decorate-richtext\">\n<div id=\"offer-template-0\"><\/div>\n<div style=\"width: 790px;\"><img decoding=\"async\" style=\"width: 100%; height: auto;\" src=\"https:\/\/ae01.alicdn.com\/kf\/Sc0f823e5d49844689dc39aecf2aabfe5O.jpg?width=960&amp;height=872&amp;hash=1832\" usemap=\"#_sdmap_0\" width=\"100%\" height=\"auto\"> <img decoding=\"async\" style=\"width: 100%; height: auto;\" src=\"https:\/\/ae01.alicdn.com\/kf\/S48ba9185c25e4fb5aea26e118fbbbb06X.jpg\" usemap=\"#_sdmap_1\" width=\"100%\" height=\"auto\"> <img decoding=\"async\" style=\"width: 100%; height: auto;\" src=\"https:\/\/ae01.alicdn.com\/kf\/Sda1209eb9cba4d588d70a3ee44c33f97Q.jpg\" usemap=\"#_sdmap_2\" width=\"100%\" height=\"auto\"> <img decoding=\"async\" style=\"width: 100%; height: auto;\" src=\"https:\/\/ae01.alicdn.com\/kf\/Sd1f3622993cd4179b6a78ff0cd874525E.jpg?width=971&amp;height=609&amp;hash=1580\" usemap=\"#_sdmap_3\" width=\"100%\" height=\"auto\"> <img decoding=\"async\" style=\"width: 100%; height: auto;\" src=\"https:\/\/ae01.alicdn.com\/kf\/S7d9a03fdc594438999d39d7121ba92db1.jpg?width=976&amp;height=610&amp;hash=1586\" usemap=\"#_sdmap_4\" width=\"100%\" height=\"auto\"> <img decoding=\"async\" style=\"width: 100%; height: auto;\" src=\"https:\/\/ae01.alicdn.com\/kf\/S85ed83ff08824d0d906d817815d66a7dg.jpg\" usemap=\"#_sdmap_5\" width=\"100%\" height=\"auto\"> <img decoding=\"async\" style=\"width: 100%; height: auto;\" src=\"https:\/\/ae01.alicdn.com\/kf\/S0187ecfea431439cad22cf9614ce606b3.jpg?width=960&amp;height=640&amp;hash=1600\" usemap=\"#_sdmap_6\" width=\"100%\" height=\"auto\"> <img decoding=\"async\" style=\"width: 100%; height: auto;\" src=\"https:\/\/ae01.alicdn.com\/kf\/S74c15823607f4f7eac4dbf26429f6587G.jpg?width=960&amp;height=854&amp;hash=1814\" usemap=\"#_sdmap_7\" width=\"100%\" height=\"auto\"> <img decoding=\"async\" style=\"width: 100%; height: auto;\" src=\"https:\/\/ae01.alicdn.com\/kf\/S3aa48c4097cc4ed59e0eced311d4b7471.jpg?width=1920&amp;height=1280&amp;hash=3200\" usemap=\"#_sdmap_8\" width=\"100%\" height=\"auto\"> <img decoding=\"async\" style=\"width: 100%; height: auto;\" src=\"https:\/\/ae01.alicdn.com\/kf\/S43b43d920369443bb768060b67cb6224u.jpg?width=800&amp;height=800&amp;hash=1600\" usemap=\"#_sdmap_9\" width=\"100%\" height=\"auto\"> <img decoding=\"async\" src=\"https:\/\/ae-pic-a1.aliexpress-media.com\/kf\/Sc0a1128fba72453ca8f029c7fe4ddc42W.jpg\"><\/div>\n<\/div>\n<\/div>\n","protected":false},"excerpt":{"rendered":"<p>\u00d6ZELL\u0130KLER &nbsp; Marka Ad\u0131: NoEnName_Null Sertifikasyon: CE Musluk: Dahil De\u011fildir Tehlikeli Kimyasal: Yok Malzeme ABS Men\u015fei: \u00c7in Anakaras\u0131 Uygulama kapsam\u0131:<\/p>\n","protected":false},"featured_media":14443,"comment_status":"open","ping_status":"closed","template":"","meta":[],"product_brand":[],"product_cat":[490],"product_tag":[],"class_list":{"0":"post-14501","1":"product","2":"type-product","3":"status-publish","4":"has-post-thumbnail","6":"product_cat-banyo-aletleri","8":"first","9":"instock","10":"shipping-taxable","11":"purchasable","12":"product-type-variable"},"_links":{"self":[{"href":"https:\/\/support.shopistanbul.online\/tr\/wp-json\/wp\/v2\/product\/14501","targetHints":{"allow":["GET"]}}],"collection":[{"href":"https:\/\/support.shopistanbul.online\/tr\/wp-json\/wp\/v2\/product"}],"about":[{"href":"https:\/\/support.shopistanbul.online\/tr\/wp-json\/wp\/v2\/types\/product"}],"replies":[{"embeddable":true,"href":"https:\/\/support.shopistanbul.online\/tr\/wp-json\/wp\/v2\/comments?post=14501"}],"version-history":[{"count":3,"href":"https:\/\/support.shopistanbul.online\/tr\/wp-json\/wp\/v2\/product\/14501\/revisions"}],"predecessor-version":[{"id":15015,"href":"https:\/\/support.shopistanbul.online\/tr\/wp-json\/wp\/v2\/product\/14501\/revisions\/15015"}],"wp:featuredmedia":[{"embeddable":true,"href":"https:\/\/support.shopistanbul.online\/tr\/wp-json\/wp\/v2\/media\/14443"}],"wp:attachment":[{"href":"https:\/\/support.shopistanbul.online\/tr\/wp-json\/wp\/v2\/media?parent=14501"}],"wp:term":[{"taxonomy":"product_brand","embeddable":true,"href":"https:\/\/support.shopistanbul.online\/tr\/wp-json\/wp\/v2\/product_brand?post=14501"},{"taxonomy":"product_cat","embeddable":true,"href":"https:\/\/support.shopistanbul.online\/tr\/wp-json\/wp\/v2\/product_cat?post=14501"},{"taxonomy":"product_tag","embeddable":true,"href":"https:\/\/support.shopistanbul.online\/tr\/wp-json\/wp\/v2\/product_tag?post=14501"}],"curies":[{"name":"wp","href":"https:\/\/api.w.org\/{rel}","templated":true}]}}