{"id":14430,"date":"2025-04-21T07:40:45","date_gmt":"2025-04-21T07:40:45","guid":{"rendered":"https:\/\/support.shopistanbul.online\/?post_type=product&#038;p=14430"},"modified":"2025-04-22T17:40:29","modified_gmt":"2025-04-22T17:40:29","slug":"levitating-air-bonsai-pot-rotation-flower-pot-planters-magnetic-suspension-floating-pot-potted-plant-home-without-plants","status":"publish","type":"product","link":"https:\/\/support.shopistanbul.online\/tr\/product\/levitating-air-bonsai-pot-rotation-flower-pot-planters-magnetic-suspension-floating-pot-potted-plant-home-without-plants\/","title":{"rendered":"Levitating Air Bonsai Pot Rotasyon Saks\u0131 Yeti\u015ftiricilerinin Manyetik S\u00fcspansiyon Y\u00fczen Saks\u0131 Bitkisi Bitkiler Olmadan Ev"},"content":{"rendered":"<h1>\u00d6ZELL\u0130KLER<\/h1>\n<p>&nbsp;<\/p>\n<p>Marka Ad\u0131: <span style=\"color: #333;\">NoEnName_Null<\/span><\/p>\n<p>Tehlikeli Kimyasal: <span style=\"color: #333;\">Yok<\/span><\/p>\n<p>Men\u015fei: <span style=\"color: #333;\">\u00c7in Anakaras\u0131<\/span><\/p>\n<p>&nbsp;<\/p>\n<div class=\"detailmodule_html\">\n<div class=\"detail-desc-decorate-richtext\">\n<p><span style=\"font-size: 16px; font-family: Verdana;\">\u00d6zellikler:<\/span><\/p>\n<p><span style=\"font-size: 16px; font-family: Verdana;\">Malzeme:ABS<\/span><\/p>\n<p><span style=\"font-size: 16px; font-family: Verdana;\">Boyut: \u015eekilde g\u00f6sterildi\u011fi gibi<\/span><\/p>\n<p><span style=\"font-size: 16px; font-family: Verdana;\">Paket i\u00e7eri\u011fi:<\/span><\/p>\n<p><span style=\"font-size: 16px; font-family: Verdana;\">1 tak\u0131m Levitating Bitki Saks\u0131s\u0131 (Bitkiler hari\u00e7)<\/span><\/p>\n<p><span style=\"font-size: 16px; font-family: Verdana;\">\u00d6zellikler:  <\/span><\/p>\n<p><span style=\"font-size: 16px; font-family: Verdana;\">1, B\u0130TK\u0130 LEV\u0130TASYONLA BULU\u015eUR: Y\u00fczen bonsai saks\u0131s\u0131 manyetik kald\u0131rma teknolojisini kullan\u0131r ve herhangi bir temas veya destek olmadan ve \u00e7al\u0131\u015fma s\u0131ras\u0131nda herhangi bir g\u00fcr\u00fclt\u00fc olmadan havada serbest\u00e7e y\u00fczebilir ve d\u00f6nebilir.<\/span><\/p>\n<p><span style=\"font-size: 16px; font-family: Verdana;\">2, PLANTER VE LEV\u0130TASYONUN HAR\u0130KA KOMB\u0130NASYONU: Manyetik kald\u0131rma tekni\u011fini kullan\u0131n, herhangi bir destek veya temas olmadan havada otomatik olarak As\u0131l\u0131 ve D\u00f6nd\u00fcrme, insanlar\u0131n g\u00f6zlerini \u00e7ekebilir.<\/span><\/p>\n<p><span style=\"font-size: 16px; font-family: Verdana;\">3, \u015eIK, MODERN B\u0130R DOKUNU\u015e GET\u0130R\u0130N: \u0130skandinav zarafeti ve minimalizm tasar\u0131m\u0131 ile bu modern ve yarat\u0131c\u0131 dekor, evinize veya ofisinize \u015f\u0131k, modern bir dokunu\u015f getirirken en sevdi\u011finiz bitkileri yeti\u015ftirmenize olanak tan\u0131r.<\/span><\/p>\n<p><span style=\"font-size: 16px; font-family: Verdana;\">4, DAHA G\u00dc\u00c7L\u00dc, DAHA SA\u011eLIKLI B\u0130TK\u0130LER \u0130\u00c7\u0130N: Bu tutucu havada y\u00fczebilir ve otomatik olarak 360 \u00b0 d\u00f6nebilir, bu da bitkilerinizin 360 derece g\u00fcne\u015f \u0131\u015f\u0131\u011f\u0131na maruz kalmas\u0131yla beslenmesine yard\u0131mc\u0131 olur. Daha d\u00fcz ve sa\u011fl\u0131kl\u0131 bir bitkiyi daha kolay yeti\u015ftirmenize yard\u0131mc\u0131 olur. <\/span><\/p>\n<p><span style=\"font-size: 16px; font-family: Verdana;\">5, M\u00dcKEMMEL HED\u0130YE: Sevgililer, arkada\u015flar, ebeveynler, Noel&#8217;de \u00e7ocuklar, do\u011fum g\u00fcn\u00fc, tatiller, d\u00fc\u011f\u00fcn ve y\u0131ld\u00f6n\u00fcm\u00fc i\u00e7in harika bir hediye. Kutuyu ald\u0131klar\u0131nda ve a\u00e7t\u0131klar\u0131nda g\u00f6r\u00fcnt\u00fc, onlara \u00e7ok s\u00fcrpriz getirecek. <\/span><\/p>\n<\/div>\n<\/div>\n<div class=\"detailmodule_image\"><img decoding=\"async\" class=\"detail-desc-decorate-image\" src=\"https:\/\/ae01.alicdn.com\/kf\/S8ccb8a3f6c5647a1bd3cb9fe3ac94aceU.jpg\"><img decoding=\"async\" class=\"detail-desc-decorate-image\" src=\"https:\/\/ae01.alicdn.com\/kf\/S028d5a7a4371422199d979871bad1331z.jpg\"><img decoding=\"async\" class=\"detail-desc-decorate-image\" src=\"https:\/\/ae01.alicdn.com\/kf\/Sfd42c91104904e6e846ea5379fc1b5050.jpg\"><img decoding=\"async\" class=\"detail-desc-decorate-image\" src=\"https:\/\/ae01.alicdn.com\/kf\/Sf16d4215b19d49118c83b8524c0d9d10Q.jpg\"><img decoding=\"async\" class=\"detail-desc-decorate-image\" src=\"https:\/\/ae01.alicdn.com\/kf\/Sd3dde647d65945bdb4615dc5d1680431s.jpg\"><img decoding=\"async\" class=\"detail-desc-decorate-image\" src=\"https:\/\/ae01.alicdn.com\/kf\/Sfd62cb399eb14e859992e1955b15c7a7S.jpg\"><img decoding=\"async\" class=\"detail-desc-decorate-image\" src=\"https:\/\/ae01.alicdn.com\/kf\/S1e46cd72ccec413ab2bdd7e33fb76852o.jpg\"><img decoding=\"async\" class=\"detail-desc-decorate-image\" src=\"https:\/\/ae01.alicdn.com\/kf\/Sabad0ebf62234d8986157d95ce280a22c.jpg\"><img decoding=\"async\" class=\"detail-desc-decorate-image\" src=\"https:\/\/ae01.alicdn.com\/kf\/Sf5f6fba845c640e7b5f2fe64cc1464c0S.jpg\"><img decoding=\"async\" class=\"detail-desc-decorate-image\" src=\"https:\/\/ae01.alicdn.com\/kf\/S73aa75d02d3b42d48b77498ac33b8e18r.jpg\"><img decoding=\"async\" class=\"detail-desc-decorate-image\" src=\"https:\/\/ae01.alicdn.com\/kf\/Sfc4e76497c1d4346b6bf36c8c2a41486M.jpg\"><img decoding=\"async\" class=\"detail-desc-decorate-image\" src=\"https:\/\/ae01.alicdn.com\/kf\/S167834a0823b43beb3895eafcfccb54fO.jpg\"><img decoding=\"async\" class=\"detail-desc-decorate-image\" src=\"https:\/\/ae01.alicdn.com\/kf\/S12bc39d4a145461495b036ba49ea1008t.jpg\"><img decoding=\"async\" class=\"detail-desc-decorate-image\" src=\"https:\/\/ae01.alicdn.com\/kf\/Sb8b537df227c4cdba7c79408583739e17.jpg\"><img decoding=\"async\" class=\"detail-desc-decorate-image\" src=\"https:\/\/ae01.alicdn.com\/kf\/S04a052454c7d4dafbc991cffe1064256k.jpg\"><img decoding=\"async\" class=\"detail-desc-decorate-image\" src=\"https:\/\/ae01.alicdn.com\/kf\/Se2f7d2399ba6443c92a962a6deccc5a73.jpg\"><img decoding=\"async\" class=\"detail-desc-decorate-image\" src=\"https:\/\/ae01.alicdn.com\/kf\/Sb3c8ffeecf834b11935d1f8c0e12848d3.jpg\"><img decoding=\"async\" class=\"detail-desc-decorate-image\" src=\"https:\/\/ae01.alicdn.com\/kf\/S900daee75a234fddab1039988695683bL.jpg\"><img decoding=\"async\" class=\"detail-desc-decorate-image\" src=\"https:\/\/ae01.alicdn.com\/kf\/S27ea8a85b0d940649d6272b97d335971X.jpg\"><\/div>\n","protected":false},"excerpt":{"rendered":"<p>\u00d6ZELL\u0130KLER &nbsp; Marka Ad\u0131: NoEnName_Null Tehlikeli Kimyasal: Yok Men\u015fei: \u00c7in Anakaras\u0131 &nbsp; \u00d6zellikler: Malzeme:ABS Boyut: \u015eekilde g\u00f6sterildi\u011fi gibi Paket i\u00e7eri\u011fi:<\/p>\n","protected":false},"featured_media":14333,"comment_status":"open","ping_status":"closed","template":"","meta":[],"product_brand":[],"product_cat":[263],"product_tag":[],"class_list":{"0":"post-14430","1":"product","2":"type-product","3":"status-publish","4":"has-post-thumbnail","6":"product_cat-dekorasyon","8":"first","9":"instock","10":"shipping-taxable","11":"purchasable","12":"product-type-variable"},"_links":{"self":[{"href":"https:\/\/support.shopistanbul.online\/tr\/wp-json\/wp\/v2\/product\/14430","targetHints":{"allow":["GET"]}}],"collection":[{"href":"https:\/\/support.shopistanbul.online\/tr\/wp-json\/wp\/v2\/product"}],"about":[{"href":"https:\/\/support.shopistanbul.online\/tr\/wp-json\/wp\/v2\/types\/product"}],"replies":[{"embeddable":true,"href":"https:\/\/support.shopistanbul.online\/tr\/wp-json\/wp\/v2\/comments?post=14430"}],"version-history":[{"count":3,"href":"https:\/\/support.shopistanbul.online\/tr\/wp-json\/wp\/v2\/product\/14430\/revisions"}],"predecessor-version":[{"id":15013,"href":"https:\/\/support.shopistanbul.online\/tr\/wp-json\/wp\/v2\/product\/14430\/revisions\/15013"}],"wp:featuredmedia":[{"embeddable":true,"href":"https:\/\/support.shopistanbul.online\/tr\/wp-json\/wp\/v2\/media\/14333"}],"wp:attachment":[{"href":"https:\/\/support.shopistanbul.online\/tr\/wp-json\/wp\/v2\/media?parent=14430"}],"wp:term":[{"taxonomy":"product_brand","embeddable":true,"href":"https:\/\/support.shopistanbul.online\/tr\/wp-json\/wp\/v2\/product_brand?post=14430"},{"taxonomy":"product_cat","embeddable":true,"href":"https:\/\/support.shopistanbul.online\/tr\/wp-json\/wp\/v2\/product_cat?post=14430"},{"taxonomy":"product_tag","embeddable":true,"href":"https:\/\/support.shopistanbul.online\/tr\/wp-json\/wp\/v2\/product_tag?post=14430"}],"curies":[{"name":"wp","href":"https:\/\/api.w.org\/{rel}","templated":true}]}}