{"id":14319,"date":"2025-04-20T15:56:15","date_gmt":"2025-04-20T15:56:15","guid":{"rendered":"https:\/\/support.shopistanbul.online\/?post_type=product&#038;p=14319"},"modified":"2025-04-22T17:40:28","modified_gmt":"2025-04-22T17:40:28","slug":"usb-electric-makeup-brush-cleaner-portable-3-in-1-makeup-brushes-drying-rack-lazy-cleaning-brush-washer-machine-quick-dry-tool","status":"publish","type":"product","link":"https:\/\/support.shopistanbul.online\/tr\/product\/usb-electric-makeup-brush-cleaner-portable-3-in-1-makeup-brushes-drying-rack-lazy-cleaning-brush-washer-machine-quick-dry-tool\/","title":{"rendered":"USB Elektrikli Makyaj F\u0131r\u00e7as\u0131 Temizleyici Ta\u015f\u0131nabilir 3&#8217;\u00fc 1 Arada Makyaj F\u0131r\u00e7alar\u0131 Kurutma Raf\u0131 Tembel Temizleme F\u0131r\u00e7as\u0131 Y\u0131kama Makinesi H\u0131zl\u0131 Kurutma Arac\u0131"},"content":{"rendered":"<h1>\u00d6ZELL\u0130KLER<\/h1>\n<p>&nbsp;<\/p>\n<p>Uygulama: <span style=\"color: #333;\">Ev Kullan\u0131m\u0131 \u0130\u00e7in<\/span><\/p>\n<p>Marka ad\u0131: <span style=\"color: #333;\">HMQ g\u00fczellik<\/span><\/p>\n<p>Se\u00e7enek: <span style=\"color: #333;\">evet<\/span><\/p>\n<p>Tehlikeli Kimyasal: <span style=\"color: #333;\">Yok<\/span><\/p>\n<p>Model Numaras\u0131: <span style=\"color: #333;\">Makyaj F\u0131r\u00e7as\u0131 Temizleyici<\/span><\/p>\n<p>Par\u00e7a Say\u0131s\u0131: <span style=\"color: #333;\">Bir Birim<\/span><\/p>\n<p>Men\u015fei: <span style=\"color: #333;\">\u00c7in Anakaras\u0131<\/span><\/p>\n<p>semi_Choice: <span style=\"color: #333;\">evet<\/span><\/p>\n<p>&nbsp;<\/p>\n<div class=\"detailmodule_html\">\n<div class=\"detail-desc-decorate-richtext\">\n<div>\n<p style=\", roboto, arial, helvetica, sans-serif, simsun;font-size: 14px; font-weight: 400; letter-spacing: normal; line-height: inherit; text-align: start; margin: 0px; padding: 0px;\" align=\"start\"><span style=\"font-size: 20px;\">\u015eartname<\/span><br \/>\n<span style=\"font-size: 18px;\">Malzeme ABS PC TPE<\/span><\/p>\n<p style=\", roboto, arial, helvetica, sans-serif, simsun;font-size: 14px; font-weight: 400; letter-spacing: normal; line-height: inherit; text-align: start; margin: 0px; padding: 0px;\" align=\"start\"><span style=\"font-size: 18px;\">\u00dcr\u00fcn boyutu: 95*95*170mm<\/span><\/p>\n<p style=\", roboto, arial, helvetica, sans-serif, simsun;font-size: 14px; font-weight: 400; letter-spacing: normal; line-height: inherit; text-align: start; margin: 0px; padding: 0px;\" align=\"start\"><span style=\"font-size: 18px;\">\u00dcr\u00fcn rengi: Beyaz\u3001Pembe\u3001Siyah<br \/>\n<\/span><span style=\"font-size: 18px;\"><span style=\"font-family: Arial, Helvetica, sans-serif;\"><span style=\"font-size: 20px;\">Paket \u0130\u00e7eri\u011fi:<\/span><\/span><\/span><span style=\"font-size: 18px;\"><span style=\"font-family: Arial, Helvetica, sans-serif;\"><br \/>\n<\/span><\/span><span style=\"font-size: 18px;\"><span style=\"font-family: Arial, Helvetica, sans-serif;\"><span style=\"font-size: 20px;\">1 Adet * F\u0131r\u00e7al\u0131 Makyaj F\u0131r\u00e7as\u0131 Temizleyici<\/span><\/span><\/span><span style=\"font-size: 18px;\"><span style=\"font-family: Arial, Helvetica, sans-serif;\"><br \/>\n<\/span><\/span><span style=\"font-size: 18px;\"><span style=\"font-family: Arial, Helvetica, sans-serif;\"><span style=\"font-size: 20px;\">1 Adet *USB kablosu<\/span><\/span><\/span><span style=\"font-size: 18px;\"><span style=\"font-family: Arial, Helvetica, sans-serif;\"><br \/>\n<\/span><\/span><span style=\"font-size: 18px;\"><span style=\"font-family: Arial, Helvetica, sans-serif;\"><span style=\"font-size: 20px;\">1 Adet *talimatlar<\/span><\/span><\/span><span style=\"font-size: 18px;\"><span style=\"font-family: Arial, Helvetica, sans-serif;\"><br \/>\n<\/span><\/span><span style=\"font-size: 18px;\"><span style=\"font-family: Arial, Helvetica, sans-serif;\"><span style=\"font-size: 20px;\">1 Adet *Silikon makyaj f\u0131r\u00e7as\u0131 temizleyici mat<\/span><\/span><\/span><\/p>\n<p style=\"margin: 0px; width: 100%;\"><img decoding=\"async\" src=\"https:\/\/ae01.alicdn.com\/kf\/S4f3f2ddbcfb640ec92c91d81ef135af4v.jpg\"><img decoding=\"async\" src=\"https:\/\/ae01.alicdn.com\/kf\/S5d82be1832ea4e039a79b47d2f501c2cH.jpg?width=800&amp;height=800&amp;hash=1600\"><\/p>\n<div><img decoding=\"async\" class=\"detail-desc-decorate-image\" src=\"https:\/\/ae01.alicdn.com\/kf\/Saf1670275e6047068fdbf656c6074f1eQ.jpg\"> <img decoding=\"async\" class=\"detail-desc-decorate-image\" src=\"https:\/\/ae01.alicdn.com\/kf\/Se8bf5af834f4461791b3079d769b26ea2.jpg\"> <img decoding=\"async\" class=\"detail-desc-decorate-image\" src=\"https:\/\/ae01.alicdn.com\/kf\/Sb65fa4d70cd64b1fb3a5f8c1b8c57b1dd.jpg\"><img decoding=\"async\" class=\"detail-desc-decorate-image\" src=\"https:\/\/ae01.alicdn.com\/kf\/S71620821bc4840e08be2556ed4df7a13C.jpg\"> <img decoding=\"async\" class=\"detail-desc-decorate-image\" src=\"https:\/\/ae01.alicdn.com\/kf\/Sdeefd1d6130e4eba8f52e058c3f66aa1d.jpg\"> <img decoding=\"async\" class=\"detail-desc-decorate-image\" src=\"https:\/\/ae01.alicdn.com\/kf\/S7f955e56885545b89897fa78cb02bd00m.jpg\"><\/div>\n<\/div>\n<div><\/div>\n<\/div>\n<\/div>\n<p>&nbsp;<\/p>\n","protected":false},"excerpt":{"rendered":"<p>\u00d6ZELL\u0130KLER &nbsp; Uygulama: Ev Kullan\u0131m\u0131 \u0130\u00e7in Marka ad\u0131: HMQ g\u00fczellik Se\u00e7enek: evet Tehlikeli Kimyasal: Yok Model Numaras\u0131: Makyaj F\u0131r\u00e7as\u0131 Temizleyici<\/p>\n","protected":false},"featured_media":14253,"comment_status":"open","ping_status":"closed","template":"","meta":[],"product_brand":[],"product_cat":[260],"product_tag":[],"class_list":{"0":"post-14319","1":"product","2":"type-product","3":"status-publish","4":"has-post-thumbnail","6":"product_cat-guzellik-ve-bakim-tr","8":"first","9":"instock","10":"shipping-taxable","11":"purchasable","12":"product-type-variable"},"_links":{"self":[{"href":"https:\/\/support.shopistanbul.online\/tr\/wp-json\/wp\/v2\/product\/14319","targetHints":{"allow":["GET"]}}],"collection":[{"href":"https:\/\/support.shopistanbul.online\/tr\/wp-json\/wp\/v2\/product"}],"about":[{"href":"https:\/\/support.shopistanbul.online\/tr\/wp-json\/wp\/v2\/types\/product"}],"replies":[{"embeddable":true,"href":"https:\/\/support.shopistanbul.online\/tr\/wp-json\/wp\/v2\/comments?post=14319"}],"version-history":[{"count":3,"href":"https:\/\/support.shopistanbul.online\/tr\/wp-json\/wp\/v2\/product\/14319\/revisions"}],"predecessor-version":[{"id":15011,"href":"https:\/\/support.shopistanbul.online\/tr\/wp-json\/wp\/v2\/product\/14319\/revisions\/15011"}],"wp:featuredmedia":[{"embeddable":true,"href":"https:\/\/support.shopistanbul.online\/tr\/wp-json\/wp\/v2\/media\/14253"}],"wp:attachment":[{"href":"https:\/\/support.shopistanbul.online\/tr\/wp-json\/wp\/v2\/media?parent=14319"}],"wp:term":[{"taxonomy":"product_brand","embeddable":true,"href":"https:\/\/support.shopistanbul.online\/tr\/wp-json\/wp\/v2\/product_brand?post=14319"},{"taxonomy":"product_cat","embeddable":true,"href":"https:\/\/support.shopistanbul.online\/tr\/wp-json\/wp\/v2\/product_cat?post=14319"},{"taxonomy":"product_tag","embeddable":true,"href":"https:\/\/support.shopistanbul.online\/tr\/wp-json\/wp\/v2\/product_tag?post=14319"}],"curies":[{"name":"wp","href":"https:\/\/api.w.org\/{rel}","templated":true}]}}