{"id":14246,"date":"2025-04-19T13:43:37","date_gmt":"2025-04-19T13:43:37","guid":{"rendered":"https:\/\/support.shopistanbul.online\/product\/tree-design-stand-wooden-trivets-decorative-walnut-heat-resistant-mat-table-set-coaster-wood-placemats-pot-kitchen-accessories\/"},"modified":"2025-04-22T17:40:27","modified_gmt":"2025-04-22T17:40:27","slug":"tree-design-stand-wooden-trivets-decorative-walnut-heat-resistant-mat-table-set-coaster-wood-placemats-pot-kitchen-accessories","status":"publish","type":"product","link":"https:\/\/support.shopistanbul.online\/tr\/product\/tree-design-stand-wooden-trivets-decorative-walnut-heat-resistant-mat-table-set-coaster-wood-placemats-pot-kitchen-accessories\/","title":{"rendered":"A\u011fa\u00e7 Tasar\u0131m Stand Ah\u015fap Trivetler Dekoratif Ceviz Is\u0131ya Dayan\u0131kl\u0131 Mat Masa Seti Altl\u0131k Ah\u015fap Placemats Tencere Mutfak Aksesuarlar\u0131"},"content":{"rendered":"<h1>\u00d6ZELL\u0130KLER<\/h1>\n<p>&nbsp;<\/p>\n<p>Marka Ad\u0131: <span style=\"color: #333;\">NoEnName_Null<\/span><\/p>\n<p>Tehlikeli Kimyasal: <span style=\"color: #333;\">Yok<\/span><\/p>\n<p>Malzeme <span style=\"color: #333;\">Ah\u015fap<\/span><\/p>\n<p>Model Numaras\u0131: <span style=\"color: #333;\">Ceviz Is\u0131ya Dayan\u0131kl\u0131 Paspas <\/span> <\/p>\n<p>Men\u015fei: <span style=\"color: #333;\">\u00c7in Anakaras\u0131<\/span><\/p>\n<p>\u015eekil: <span style=\"color: #333;\">D\u00fczensiz<\/span><\/p>\n<p>Stil <span style=\"color: #333;\">Modern Stil<\/span><\/p>\n<p>Masa Dekorasyonu u0026 Aksesuar T\u00fcr\u00fc: <span style=\"color: #333;\">Paspaslar &amp; Pedler<\/span><\/p>\n<p>&nbsp;<\/p>\n<div class=\"detailmodule_dynamic\"><\/div>\n<div class=\"detailmodule_html\">\n<div class=\"detail-desc-decorate-richtext\">\n<p><img decoding=\"async\" class=\"wscnph\" src=\"https:\/\/ae01.alicdn.com\/kf\/S6518ef94ea6849bf8767a911eebc04eax.jpg\"><\/p>\n<p><span style=\"font-size: 26px; font-family: arial, helvetica, sans-serif; color: #ff0000;\">A\u011fa\u00e7 Tasar\u0131m Stand Ah\u015fap Trivetler Dekoratif Ceviz Is\u0131ya Dayan\u0131kl\u0131 Mat Masa Seti Altl\u0131k Ah\u015fap Placemats Tencere Mutfak Aksesuarlar\u0131  <\/span><\/p>\n<p><strong><span style=\"font-size: 22px; font-family: arial, helvetica, sans-serif; color: #ff0000;\">\u00d6zellikler:<\/span><\/strong><\/p>\n<p><span style=\"font-size: 18px; font-family: arial, helvetica, sans-serif;\">1. \u00dcr\u00fcn ad\u0131: Ceviz Is\u0131 yal\u0131t\u0131m paspas seti Bu set \u00f6zenle y\u00fcksek kaliteli cevizden yap\u0131lm\u0131\u015ft\u0131r, do\u011fal ah\u015fap tah\u0131l ve a\u011fa\u00e7 tasar\u0131m\u0131 birbirini tamamlar, pratik ve dekoratif masa aksesuarlar\u0131 sa\u011flar. Sadece y\u00fcksek s\u0131cakl\u0131\u011f\u0131 etkili bir \u015fekilde izole etmek ve masa\u00fcst\u00fcn\u00fc yan\u0131klardan korumakla kalmaz, ayn\u0131 zamanda eve s\u0131cak bir atmosfer katmak i\u00e7in benzersiz bir masa\u00fcst\u00fc dekorasyonu olarak da kullan\u0131labilir. <\/span><br \/>\n<span style=\"font-size: 18px; font-family: arial, helvetica, sans-serif;\">2. \u00c7ok fonksiyonlu kullan\u0131m: Bu set g\u00fcve\u00e7, kase, \u00e7aydanl\u0131k i\u00e7in uygundur, ayr\u0131ca \u00e7e\u015fitli yemek ortamlar\u0131 i\u00e7in uygun bir bardak altl\u0131\u011f\u0131 olarak da kullan\u0131labilir. \u0130yi bir \u0131s\u0131 yal\u0131t\u0131m performans\u0131na sahiptir, s\u0131cak yiyeceklerden gelen s\u0131cakl\u0131\u011fa dayanabilir, ayn\u0131 zamanda masaya \u0131s\u0131 hasar\u0131n\u0131 \u00f6nlemek i\u00e7in uygulanabilirli\u011fini daha kapsaml\u0131 hale getirir. <\/span><br \/>\n<span style=\"font-size: 18px; font-family: arial, helvetica, sans-serif;\">3. E\u015fsiz tasar\u0131m: A\u011fa\u00e7 \u015feklindeki benzersiz tasar\u0131m sadece g\u00fczel olmakla kalmaz, ayn\u0131 zamanda do\u011faya yak\u0131n bir atmosfer yaratarak her aile masas\u0131na zarif bir katk\u0131 sa\u011flar. Pratiklik ve sanat\u0131n ak\u0131ll\u0131ca birle\u015fimi, bu masa mat\u0131 setini \u00e7arp\u0131c\u0131 bir masa sanat\u0131 par\u00e7as\u0131 haline getiriyor. <\/span><br \/>\n<span style=\"font-size: 18px; font-family: arial, helvetica, sans-serif;\">4. \u00c7evre koruma malzemeleri: Do\u011fal ceviz kullan\u0131m\u0131, g\u0131da g\u00fcvenli\u011fini sa\u011flamak i\u00e7in zararl\u0131 maddeler i\u00e7ermez, \u00e7evre i\u00e7in bir sorumluluk duygusu g\u00f6sterir. Ah\u015fap malzeme se\u00e7imi, s\u00fcrd\u00fcr\u00fclebilir kullan\u0131m ve ekolojik koruma kavram\u0131n\u0131 yans\u0131tmaktad\u0131r. <\/span><br \/>\n<span style=\"font-size: 18px; font-family: arial, helvetica, sans-serif;\">5. Temizlemesi ve bak\u0131m\u0131 kolayd\u0131r: Ah\u015fap servis altl\u0131\u011f\u0131n\u0131n y\u00fczeyi p\u00fcr\u00fczs\u00fczd\u00fcr, temizlenmesi kolayd\u0131r, lekeleri \u00e7\u0131karmak i\u00e7in \u0131slak bir bezle silmeniz yeterlidir. Dokuyu ve dayan\u0131kl\u0131l\u0131\u011f\u0131 korumak i\u00e7in uzun s\u00fcre suda bekletilmemesi veya bula\u015f\u0131k makinesi kullan\u0131lmamas\u0131 \u00f6nerilir. D\u00fczenli bak\u0131m, TV&#8217;nin orijinal parlakl\u0131\u011f\u0131n\u0131 koruyabilir ve TV&#8217;nin hizmet \u00f6mr\u00fcn\u00fc uzatabilir.  <\/span><br \/>\n<span style=\"font-size: 18px; font-family: arial, helvetica, sans-serif;\">\u00dcr\u00fcn \u00d6zellikleri: \u00dcr\u00fcn ad\u0131: Ah\u015fap yal\u0131t\u0131m pedi \u00dcr\u00fcn rengi: ah\u015fap rengi malzeme: Ah\u015fap \u00fcr\u00fcn boyutu: 10 * 10 * 22.5cm<\/span><\/p>\n<p><strong><span style=\"font-size: 22px; font-family: arial, helvetica, sans-serif; color: #ff0000;\">\u00dcr\u00fcn listesi:<\/span><\/strong><\/p>\n<p><span style=\"font-size: 18px; font-family: arial, helvetica, sans-serif;\">3 x servis altl\u0131\u011f\u0131<\/span><br \/>\n<span style=\"font-size: 18px; font-family: arial, helvetica, sans-serif;\">1\u00d7 s\u00fctun<\/span><\/p>\n<p><span style=\"font-size: 18px; font-family: arial, helvetica, sans-serif;\">Not: 1. Manuel \u00f6l\u00e7\u00fcm nedeniyle, l\u00fctfen 1-3 cm&#8217;lik bir farka izin verin, anlay\u0131\u015f\u0131n\u0131z i\u00e7in te\u015fekk\u00fcr ederiz!  2. Monit\u00f6rler aras\u0131ndaki farkl\u0131l\u0131klar nedeniyle, resmin \u00f6\u011fenin ger\u00e7ek rengini yans\u0131tmayabilece\u011fini l\u00fctfen unutmay\u0131n. \u00dcr\u00fcn A\u00e7\u0131klamas\u0131: <\/span><\/p>\n<p><img decoding=\"async\" class=\"wscnph\" src=\"https:\/\/ae01.alicdn.com\/kf\/Se5bc2144a1924e94a7b0b359d5ec6508X.jpg\"><\/p>\n<p><img decoding=\"async\" class=\"wscnph\" src=\"https:\/\/ae01.alicdn.com\/kf\/Sf9eb7a5e124f4cb4ad064c6779bc5a763.jpg\"><img decoding=\"async\" class=\"wscnph\" src=\"https:\/\/ae01.alicdn.com\/kf\/Sb2ce2df94ba64f47bde12a97857b49c24.jpg\"><img decoding=\"async\" class=\"wscnph\" src=\"https:\/\/ae01.alicdn.com\/kf\/S154fc47bf21943d6953dcf2e0a232a38z.jpg\"><img decoding=\"async\" class=\"wscnph\" src=\"https:\/\/ae01.alicdn.com\/kf\/Sc29fb370e3af4a18a8cc38f4a1e00b1fu.jpg\"><img decoding=\"async\" class=\"wscnph\" src=\"https:\/\/ae01.alicdn.com\/kf\/S6b5f0037d5d84b6ca437b6dc87a66d1fi.jpg\"><img decoding=\"async\" class=\"wscnph\" src=\"https:\/\/ae01.alicdn.com\/kf\/S17e5db1843b14ca18b5f91f69a1816c4n.jpg\"><img decoding=\"async\" class=\"wscnph\" src=\"https:\/\/ae01.alicdn.com\/kf\/S33ca316e45304ac78eec2ffe77873f59p.jpg\"><img decoding=\"async\" class=\"wscnph\" src=\"https:\/\/ae01.alicdn.com\/kf\/S22c6a2e068534e1dae5a5146a67d6872L.jpg\"><img decoding=\"async\" class=\"wscnph\" src=\"https:\/\/ae01.alicdn.com\/kf\/S31ded82dee6d4cda98a744c18faa3075W.jpg\"><img decoding=\"async\" class=\"wscnph\" src=\"https:\/\/ae01.alicdn.com\/kf\/S5e519f6b64c943d2824c7c2949099a92C.jpg\"><img decoding=\"async\" class=\"wscnph\" src=\"https:\/\/ae01.alicdn.com\/kf\/S09086818be9b48aa87b0c3fde98e51832.jpg\"><img decoding=\"async\" class=\"wscnph\" src=\"https:\/\/ae01.alicdn.com\/kf\/S0dc4ba10705947f3af0219d842d13cffe.jpg\"><img decoding=\"async\" class=\"wscnph\" src=\"https:\/\/ae01.alicdn.com\/kf\/S909f13a90f6c4953a1d5ffa53746b890U.jpg\"><img decoding=\"async\" class=\"wscnph\" src=\"https:\/\/ae01.alicdn.com\/kf\/S1855d31dbe294c01a2ff8118a0407c95s.jpg\"><img decoding=\"async\" class=\"wscnph\" src=\"https:\/\/ae01.alicdn.com\/kf\/S9bb4002db32d431cbe0588d5ae189eeaW.jpg\"><img decoding=\"async\" class=\"wscnph\" src=\"https:\/\/ae01.alicdn.com\/kf\/Sbc970cf0af384e89b8414faaea64fcb2x.jpg\"><img decoding=\"async\" class=\"wscnph\" src=\"https:\/\/ae01.alicdn.com\/kf\/Se34e5c50a2964ca594991a23df06431bK.jpg\"><img decoding=\"async\" class=\"wscnph\" src=\"https:\/\/ae01.alicdn.com\/kf\/Sedf85627571a4da88470ff15a2bf09a0a.jpg\"><img decoding=\"async\" class=\"wscnph\" src=\"https:\/\/ae01.alicdn.com\/kf\/S6edd38cb0a6446f4a26536d0443d6d8cl.jpg\"><img decoding=\"async\" class=\"wscnph\" src=\"https:\/\/ae01.alicdn.com\/kf\/S218f7c07a73d42609f955e29acb7a83eM.jpg\"><\/p>\n<\/div>\n<\/div>\n","protected":false},"excerpt":{"rendered":"<p>\u00d6ZELL\u0130KLER &nbsp; Marka Ad\u0131: NoEnName_Null Tehlikeli Kimyasal: Yok Malzeme Ah\u015fap Model Numaras\u0131: Ceviz Is\u0131ya Dayan\u0131kl\u0131 Paspas Men\u015fei: \u00c7in Anakaras\u0131 \u015eekil:<\/p>\n","protected":false},"featured_media":14093,"comment_status":"open","ping_status":"closed","template":"","meta":[],"product_brand":[],"product_cat":[477],"product_tag":[],"class_list":{"0":"post-14246","1":"product","2":"type-product","3":"status-publish","4":"has-post-thumbnail","6":"product_cat-mutfak-aletleri","8":"first","9":"instock","10":"shipping-taxable","11":"purchasable","12":"product-type-variable"},"_links":{"self":[{"href":"https:\/\/support.shopistanbul.online\/tr\/wp-json\/wp\/v2\/product\/14246","targetHints":{"allow":["GET"]}}],"collection":[{"href":"https:\/\/support.shopistanbul.online\/tr\/wp-json\/wp\/v2\/product"}],"about":[{"href":"https:\/\/support.shopistanbul.online\/tr\/wp-json\/wp\/v2\/types\/product"}],"replies":[{"embeddable":true,"href":"https:\/\/support.shopistanbul.online\/tr\/wp-json\/wp\/v2\/comments?post=14246"}],"version-history":[{"count":2,"href":"https:\/\/support.shopistanbul.online\/tr\/wp-json\/wp\/v2\/product\/14246\/revisions"}],"predecessor-version":[{"id":15016,"href":"https:\/\/support.shopistanbul.online\/tr\/wp-json\/wp\/v2\/product\/14246\/revisions\/15016"}],"wp:featuredmedia":[{"embeddable":true,"href":"https:\/\/support.shopistanbul.online\/tr\/wp-json\/wp\/v2\/media\/14093"}],"wp:attachment":[{"href":"https:\/\/support.shopistanbul.online\/tr\/wp-json\/wp\/v2\/media?parent=14246"}],"wp:term":[{"taxonomy":"product_brand","embeddable":true,"href":"https:\/\/support.shopistanbul.online\/tr\/wp-json\/wp\/v2\/product_brand?post=14246"},{"taxonomy":"product_cat","embeddable":true,"href":"https:\/\/support.shopistanbul.online\/tr\/wp-json\/wp\/v2\/product_cat?post=14246"},{"taxonomy":"product_tag","embeddable":true,"href":"https:\/\/support.shopistanbul.online\/tr\/wp-json\/wp\/v2\/product_tag?post=14246"}],"curies":[{"name":"wp","href":"https:\/\/api.w.org\/{rel}","templated":true}]}}