{"id":13709,"date":"2025-04-16T07:49:19","date_gmt":"2025-04-16T07:49:19","guid":{"rendered":"https:\/\/support.shopistanbul.online\/product\/2x-h7-led-h11-h4-hi-lo-h1-h3-h8-hb1-hb3-hb4-hb5-hir2-h13-h27-9005-9006-araba-far-ampulleri-3000k-6000k-8000k-cob-c6-araba-farlari\/"},"modified":"2025-04-22T17:40:28","modified_gmt":"2025-04-22T17:40:28","slug":"2x-h7-led-h11-h4-hi-lo-h1-h3-h8-hb1-hb3-hb4-hb5-hir2-h13-h27-9005-9006-araba-far-ampulleri-3000k-6000k-8000k-cob-c6-araba-farlari","status":"publish","type":"product","link":"https:\/\/support.shopistanbul.online\/tr\/product\/2x-h7-led-h11-h4-hi-lo-h1-h3-h8-hb1-hb3-hb4-hb5-hir2-h13-h27-9005-9006-araba-far-ampulleri-3000k-6000k-8000k-cob-c6-araba-farlari\/","title":{"rendered":"2x H7 LED H11 H4 Hi\/Lo H1 H3 H8 HB1 HB3 HB4 HB5 HIR2 H13 H27 9005 9006 Araba Far Ampulleri 3000K 6000K 8000K COB C6 araba farlar\u0131"},"content":{"rendered":"<h1>\u00d6ZELL\u0130KLER<\/h1>\n<p>&nbsp;<\/p>\n<p>I\u015f\u0131n A\u00e7\u0131s\u0131: <span style=\"color: #333;\">360 derece araba led far<\/span><\/p>\n<p>Marka ad\u0131: <span style=\"color: #333;\">ASLENT<\/span><\/p>\n<p>Ara\u00e7 Markas\u0131: <span style=\"color: #333;\">audi\/BMW\/Ford\/Toyota\/volkswagen\/Honda\/chevrolet i\u00e7in<\/span><\/p>\n<p>Ara\u00e7 Modeli: <span style=\"color: #333;\">Corolla\/Altima\/CRV\/Cruze\/RAV4\/Equinox\/Sierra i\u00e7in<\/span><\/p>\n<p>Sertifikasyon: <span style=\"color: #333;\">CE<\/span><\/p>\n<p>\u00c7ip Montaj Tipi: <span style=\"color: #333;\">COB<\/span><\/p>\n<p>\u00c7ipler: <span style=\"color: #333;\">COB Cips araba otomatik led far<\/span><\/p>\n<p>Se\u00e7enek: <span style=\"color: #333;\">evet<\/span><\/p>\n<p>Renk S\u0131cakl\u0131\u011f\u0131: <span style=\"color: #333;\">6000K, Saf Beyaz 6500K araba far\u0131<\/span><\/p>\n<p>Araba Lambas\u0131 i\u00e7in: <span style=\"color: #333;\">Farlar, sis far\u0131<\/span><\/p>\n<p>\u00dcr\u00fcn Tipi: <span style=\"color: #333;\">I\u015f\u0131k Kayna\u011f\u0131<\/span><\/p>\n<p>I\u015f\u0131k Kayna\u011f\u0131: <span style=\"color: #333;\">LED<\/span><\/p>\n<p>I\u015f\u0131k Ak\u0131s\u0131: <span style=\"color: #333;\">8000lm\/set (4000lm\/ampul) araba far\u0131<\/span><\/p>\n<p>Men\u015fei: <span style=\"color: #333;\">\u00c7in Anakaras\u0131<\/span><\/p>\n<p>Fi\u015f Tipi: <span style=\"color: #333;\">H1 H3 H4 H7 H11 H13 9004 9005 9006 9007 Araba led far b<\/span><\/p>\n<p>G\u00fc\u00e7: <span style=\"color: #333;\">36W\/set, 18W\/ampul araba led far ampulleri<\/span><\/p>\n<p>Koruma oran\u0131: <span style=\"color: #333;\">IP68 s\u0131n\u0131f\u0131 su ve toz s\u0131zd\u0131rmazl\u0131\u011f\u0131<\/span><\/p>\n<p>Voltaj: <span style=\"color: #333;\">12V<\/span><\/p>\n<p>Watt: <span style=\"color: #333;\">Civic\/Focus\/Fusion\/Ram\/Camry\/Accord\/Sonata\/Escape i\u00e7in 36W far<\/span><\/p>\n<p>\u00c7al\u0131\u015fma S\u0131cakl\u0131\u011f\u0131: <span style=\"color: #333;\">-40-80 santigrat derece led sis farlar\u0131<\/span><\/p>\n<p>\u00c7al\u0131\u015fma Voltaj\u0131: <span style=\"color: #333;\">DC 9-32V (12V, 24V ara\u00e7lara uygun) araba sis lambas\u0131<\/span><\/p>\n<p>semi_Choice: <span style=\"color: #333;\">evet<\/span><\/p>\n<p>&nbsp;<\/p>\n","protected":false},"excerpt":{"rendered":"<p>\u00d6ZELL\u0130KLER &nbsp; I\u015f\u0131n A\u00e7\u0131s\u0131: 360 derece araba led far Marka ad\u0131: ASLENT Ara\u00e7 Markas\u0131: audi\/BMW\/Ford\/Toyota\/volkswagen\/Honda\/chevrolet i\u00e7in Ara\u00e7 Modeli: Corolla\/Altima\/CRV\/Cruze\/RAV4\/Equinox\/Sierra i\u00e7in<\/p>\n","protected":false},"featured_media":13483,"comment_status":"open","ping_status":"closed","template":"","meta":[],"product_brand":[],"product_cat":[434],"product_tag":[],"class_list":{"0":"post-13709","1":"product","2":"type-product","3":"status-publish","4":"has-post-thumbnail","6":"product_cat-ev-aletleri","8":"first","9":"instock","10":"shipping-taxable","11":"purchasable","12":"product-type-variable","13":"has-default-attributes"},"_links":{"self":[{"href":"https:\/\/support.shopistanbul.online\/tr\/wp-json\/wp\/v2\/product\/13709","targetHints":{"allow":["GET"]}}],"collection":[{"href":"https:\/\/support.shopistanbul.online\/tr\/wp-json\/wp\/v2\/product"}],"about":[{"href":"https:\/\/support.shopistanbul.online\/tr\/wp-json\/wp\/v2\/types\/product"}],"replies":[{"embeddable":true,"href":"https:\/\/support.shopistanbul.online\/tr\/wp-json\/wp\/v2\/comments?post=13709"}],"version-history":[{"count":1,"href":"https:\/\/support.shopistanbul.online\/tr\/wp-json\/wp\/v2\/product\/13709\/revisions"}],"predecessor-version":[{"id":13917,"href":"https:\/\/support.shopistanbul.online\/tr\/wp-json\/wp\/v2\/product\/13709\/revisions\/13917"}],"wp:featuredmedia":[{"embeddable":true,"href":"https:\/\/support.shopistanbul.online\/tr\/wp-json\/wp\/v2\/media\/13483"}],"wp:attachment":[{"href":"https:\/\/support.shopistanbul.online\/tr\/wp-json\/wp\/v2\/media?parent=13709"}],"wp:term":[{"taxonomy":"product_brand","embeddable":true,"href":"https:\/\/support.shopistanbul.online\/tr\/wp-json\/wp\/v2\/product_brand?post=13709"},{"taxonomy":"product_cat","embeddable":true,"href":"https:\/\/support.shopistanbul.online\/tr\/wp-json\/wp\/v2\/product_cat?post=13709"},{"taxonomy":"product_tag","embeddable":true,"href":"https:\/\/support.shopistanbul.online\/tr\/wp-json\/wp\/v2\/product_tag?post=13709"}],"curies":[{"name":"wp","href":"https:\/\/api.w.org\/{rel}","templated":true}]}}