{"id":13701,"date":"2025-04-11T16:36:35","date_gmt":"2025-04-11T16:36:35","guid":{"rendered":"https:\/\/support.shopistanbul.online\/product\/orijinal-pro-4-tws-kablosuz-kulaklik-kulaklik-bluetooth-uyumlu-5-3-xiaomi-iphone-kulakliklari-icin-mikrofonlu-su-gecirmez-kulaklik\/"},"modified":"2025-04-22T17:40:27","modified_gmt":"2025-04-22T17:40:27","slug":"orijinal-pro-4-tws-kablosuz-kulaklik-kulaklik-bluetooth-uyumlu-5-3-xiaomi-iphone-kulakliklari-icin-mikrofonlu-su-gecirmez-kulaklik","status":"publish","type":"product","link":"https:\/\/support.shopistanbul.online\/tr\/product\/orijinal-pro-4-tws-kablosuz-kulaklik-kulaklik-bluetooth-uyumlu-5-3-xiaomi-iphone-kulakliklari-icin-mikrofonlu-su-gecirmez-kulaklik\/","title":{"rendered":"Orijinal Pro 4 TWS Kablosuz Kulakl\u0131k Kulakl\u0131k Bluetooth uyumlu 5.3 Xiaomi iPhone Kulakl\u0131klar\u0131 i\u00e7in Mikrofonlu Su Ge\u00e7irmez Kulakl\u0131k"},"content":{"rendered":"<h1>\u00d6ZELL\u0130KLER<\/h1>\n<p>&nbsp;<\/p>\n<p>Aktif G\u00fcr\u00fclt\u00fc Engelleme: <span style=\"color: #333;\">Hay\u0131r<\/span><\/p>\n<p>Bluetooth S\u00fcr\u00fcm\u00fc: <span style=\"color: #333;\">5.0<\/span><\/p>\n<p>Marka ad\u0131: <span style=\"color: #333;\">branches<\/span><\/p>\n<p>Kategori <span style=\"color: #333;\">Kulakl\u0131klar &amp; Kulakl\u0131klar<\/span><\/p>\n<p>Se\u00e7enek: <span style=\"color: #333;\">evet<\/span><\/p>\n<p>\u0130leti\u015fim: <span style=\"color: #333;\">Telsiz<\/span><\/p>\n<p>Kontrol D\u00fc\u011fmesi: <span style=\"color: #333;\">Evet<\/span><\/p>\n<p>Fonksiyon: <span style=\"color: #333;\">\u0130nternet \u00c7ubu\u011fu i\u00e7in<\/span><\/p>\n<p>Tehlikeli Kimyasal: <span style=\"color: #333;\">Yok<\/span><\/p>\n<p>Malzeme <span style=\"color: #333;\">PVC<\/span><\/p>\n<p>Men\u015fei: <span style=\"color: #333;\">\u00c7in Anakaras\u0131<\/span><\/p>\n<p>Stil: <span style=\"color: #333;\">Kulak i\u00e7i<\/span><\/p>\n<p>Vokalizm Prensibi: <span style=\"color: #333;\">Di\u011fer<\/span><\/p>\n<p>Ses Kontrol\u00fc: <span style=\"color: #333;\">Evet<\/span><\/p>\n<p>Kablosuz T\u00fcr\u00fc: <span style=\"color: #333;\">bluetooth<\/span><\/p>\n<p>semi_Choice: <span style=\"color: #333;\">evet<\/span><\/p>\n<p>&nbsp;<\/p>\n","protected":false},"excerpt":{"rendered":"<p>\u00d6ZELL\u0130KLER &nbsp; Aktif G\u00fcr\u00fclt\u00fc Engelleme: Hay\u0131r Bluetooth S\u00fcr\u00fcm\u00fc: 5.0 Marka ad\u0131: branches Kategori Kulakl\u0131klar &amp; Kulakl\u0131klar Se\u00e7enek: evet \u0130leti\u015fim: Telsiz<\/p>\n","protected":false},"featured_media":12871,"comment_status":"open","ping_status":"closed","template":"","meta":[],"product_brand":[],"product_cat":[244],"product_tag":[],"class_list":{"0":"post-13701","1":"product","2":"type-product","3":"status-publish","4":"has-post-thumbnail","6":"product_cat-saatler","8":"first","9":"instock","10":"shipping-taxable","11":"purchasable","12":"product-type-variable"},"_links":{"self":[{"href":"https:\/\/support.shopistanbul.online\/tr\/wp-json\/wp\/v2\/product\/13701","targetHints":{"allow":["GET"]}}],"collection":[{"href":"https:\/\/support.shopistanbul.online\/tr\/wp-json\/wp\/v2\/product"}],"about":[{"href":"https:\/\/support.shopistanbul.online\/tr\/wp-json\/wp\/v2\/types\/product"}],"replies":[{"embeddable":true,"href":"https:\/\/support.shopistanbul.online\/tr\/wp-json\/wp\/v2\/comments?post=13701"}],"version-history":[{"count":1,"href":"https:\/\/support.shopistanbul.online\/tr\/wp-json\/wp\/v2\/product\/13701\/revisions"}],"predecessor-version":[{"id":13719,"href":"https:\/\/support.shopistanbul.online\/tr\/wp-json\/wp\/v2\/product\/13701\/revisions\/13719"}],"wp:featuredmedia":[{"embeddable":true,"href":"https:\/\/support.shopistanbul.online\/tr\/wp-json\/wp\/v2\/media\/12871"}],"wp:attachment":[{"href":"https:\/\/support.shopistanbul.online\/tr\/wp-json\/wp\/v2\/media?parent=13701"}],"wp:term":[{"taxonomy":"product_brand","embeddable":true,"href":"https:\/\/support.shopistanbul.online\/tr\/wp-json\/wp\/v2\/product_brand?post=13701"},{"taxonomy":"product_cat","embeddable":true,"href":"https:\/\/support.shopistanbul.online\/tr\/wp-json\/wp\/v2\/product_cat?post=13701"},{"taxonomy":"product_tag","embeddable":true,"href":"https:\/\/support.shopistanbul.online\/tr\/wp-json\/wp\/v2\/product_tag?post=13701"}],"curies":[{"name":"wp","href":"https:\/\/api.w.org\/{rel}","templated":true}]}}